{"id":10570,"date":"2023-08-10T10:58:27","date_gmt":"2023-08-10T08:58:27","guid":{"rendered":"https:\/\/ingredients.saccosystem.com\/prodotto\/burrata-de-sassano\/"},"modified":"2024-07-12T16:50:12","modified_gmt":"2024-07-12T14:50:12","slug":"burrata-de-sassano","status":"publish","type":"product","link":"https:\/\/ingredients.saccosystem.com\/es\/prodotto\/burrata-de-sassano\/","title":{"rendered":"Burrata de Sassano"},"content":{"rendered":"","protected":false},"excerpt":{"rendered":"<p><strong>100% LECHE DE CALIDAD<\/strong><\/p>\n<p>Sassano s\u00f3lo procesa la mejor leche, seleccionando cuidadosamente las explotaciones. Para sus productos de gama alta, s\u00f3lo utiliza leche 100% Molise.<\/p>\n<p><strong>DE MOLISE AL FUTURO<\/strong><\/p>\n<p>En esta peque\u00f1a y hermosa regi\u00f3n naci\u00f3 la historia de la familia Sassano y su talento en el arte de la queser\u00eda. En su futuro, el reto de la econom\u00eda circular y la construcci\u00f3n de una f\u00e1brica neutra en carbono.<\/p>\n<p><strong>FRESCURA, SABOR Y COMODIDAD<\/strong><\/p>\n<p>Sassano trabaja con esmero cada d\u00eda para garantizar que sus productos sean frescos y sabrosos. Alta calidad al precio justo.<\/p>\n","protected":false},"featured_media":9163,"comment_status":"closed","ping_status":"closed","template":"","meta":{"_acf_changed":false,"inline_featured_image":false},"product_brand":[],"product_cat":[371,599],"product_tag":[],"class_list":{"0":"post-10570","1":"product","2":"type-product","3":"status-publish","4":"has-post-thumbnail","6":"product_cat-delicias-de-temporada","7":"product_cat-quesos","8":"pa_brand-sassano","9":"pa_nazionalita-italia-es","10":"pa_tipologia-queso-fresco","12":"first","13":"instock","14":"shipping-taxable","15":"product-type-simple"},"acf":[],"_links":{"self":[{"href":"https:\/\/ingredients.saccosystem.com\/es\/wp-json\/wp\/v2\/product\/10570","targetHints":{"allow":["GET"]}}],"collection":[{"href":"https:\/\/ingredients.saccosystem.com\/es\/wp-json\/wp\/v2\/product"}],"about":[{"href":"https:\/\/ingredients.saccosystem.com\/es\/wp-json\/wp\/v2\/types\/product"}],"replies":[{"embeddable":true,"href":"https:\/\/ingredients.saccosystem.com\/es\/wp-json\/wp\/v2\/comments?post=10570"}],"wp:featuredmedia":[{"embeddable":true,"href":"https:\/\/ingredients.saccosystem.com\/es\/wp-json\/wp\/v2\/media\/9163"}],"wp:attachment":[{"href":"https:\/\/ingredients.saccosystem.com\/es\/wp-json\/wp\/v2\/media?parent=10570"}],"wp:term":[{"taxonomy":"product_brand","embeddable":true,"href":"https:\/\/ingredients.saccosystem.com\/es\/wp-json\/wp\/v2\/product_brand?post=10570"},{"taxonomy":"product_cat","embeddable":true,"href":"https:\/\/ingredients.saccosystem.com\/es\/wp-json\/wp\/v2\/product_cat?post=10570"},{"taxonomy":"product_tag","embeddable":true,"href":"https:\/\/ingredients.saccosystem.com\/es\/wp-json\/wp\/v2\/product_tag?post=10570"}],"curies":[{"name":"wp","href":"https:\/\/api.w.org\/{rel}","templated":true}]}}