{"id":10571,"date":"2023-08-10T11:25:08","date_gmt":"2023-08-10T09:25:08","guid":{"rendered":"https:\/\/ingredients.saccosystem.com\/prodotto\/montronella-bio\/"},"modified":"2024-07-12T16:48:30","modified_gmt":"2024-07-12T14:48:30","slug":"montronella-bio","status":"publish","type":"product","link":"https:\/\/ingredients.saccosystem.com\/es\/prodotto\/montronella-bio\/","title":{"rendered":"Montronella BIO"},"content":{"rendered":"","protected":false},"excerpt":{"rendered":"<p>La bondad de Apulia tiene un toque extra y satisface los gustos y necesidades de todos.<\/p>\n<p>La <strong>l\u00ednea BIO<\/strong> de <strong>Caseificio Montrone <\/strong>es una oportunidad m\u00e1s para probar deliciosas recetas con la certeza de un resultado de primera.<\/p>\n<p>Pero, \u00bfqu\u00e9 hay detr\u00e1s de la l\u00ednea <strong>BIO<\/strong> del Caseificio <strong>Montrone?<\/strong> Innovaci\u00f3n e investigaci\u00f3n, producci\u00f3n controlada y una bondad \u00fanica, la de siempre: la <strong>l\u00ednea<\/strong> BIO nace con el deseo de ofrecer una nueva forma de disfrutar de los productos del Caseificio Montrone.<\/p>\n","protected":false},"featured_media":9207,"comment_status":"closed","ping_status":"closed","template":"","meta":{"_acf_changed":false,"inline_featured_image":false},"product_brand":[],"product_cat":[599],"product_tag":[],"class_list":{"0":"post-10571","1":"product","2":"type-product","3":"status-publish","4":"has-post-thumbnail","6":"product_cat-quesos","7":"pa_brand-caseificio-montrone-es","8":"pa_nazionalita-italia-es","9":"pa_tipologia-queso-bio","10":"pa_tipologia-queso-fresco","12":"first","13":"instock","14":"shipping-taxable","15":"product-type-simple"},"acf":[],"_links":{"self":[{"href":"https:\/\/ingredients.saccosystem.com\/es\/wp-json\/wp\/v2\/product\/10571","targetHints":{"allow":["GET"]}}],"collection":[{"href":"https:\/\/ingredients.saccosystem.com\/es\/wp-json\/wp\/v2\/product"}],"about":[{"href":"https:\/\/ingredients.saccosystem.com\/es\/wp-json\/wp\/v2\/types\/product"}],"replies":[{"embeddable":true,"href":"https:\/\/ingredients.saccosystem.com\/es\/wp-json\/wp\/v2\/comments?post=10571"}],"wp:featuredmedia":[{"embeddable":true,"href":"https:\/\/ingredients.saccosystem.com\/es\/wp-json\/wp\/v2\/media\/9207"}],"wp:attachment":[{"href":"https:\/\/ingredients.saccosystem.com\/es\/wp-json\/wp\/v2\/media?parent=10571"}],"wp:term":[{"taxonomy":"product_brand","embeddable":true,"href":"https:\/\/ingredients.saccosystem.com\/es\/wp-json\/wp\/v2\/product_brand?post=10571"},{"taxonomy":"product_cat","embeddable":true,"href":"https:\/\/ingredients.saccosystem.com\/es\/wp-json\/wp\/v2\/product_cat?post=10571"},{"taxonomy":"product_tag","embeddable":true,"href":"https:\/\/ingredients.saccosystem.com\/es\/wp-json\/wp\/v2\/product_tag?post=10571"}],"curies":[{"name":"wp","href":"https:\/\/api.w.org\/{rel}","templated":true}]}}