{"id":10572,"date":"2023-08-10T15:02:50","date_gmt":"2023-08-10T13:02:50","guid":{"rendered":"https:\/\/ingredients.saccosystem.com\/prodotto\/caciotta-al-peperoncino-boccea-de-queso\/"},"modified":"2024-07-12T16:47:19","modified_gmt":"2024-07-12T14:47:19","slug":"caciotta-al-peperoncino-boccea-de-queso","status":"publish","type":"product","link":"https:\/\/ingredients.saccosystem.com\/es\/prodotto\/caciotta-al-peperoncino-boccea-de-queso\/","title":{"rendered":"Caciotta al Peperoncino Boccea de queso"},"content":{"rendered":"","protected":false},"excerpt":{"rendered":"<p>Queso t\u00edpico aromatizado con guindilla. Tiene una corteza de color pajizo con reflejos m\u00e1s o menos oscuros. La masa es bastante compacta, ligeramente glaseada y tiene un sabor fuerte. Para degustar despu\u00e9s de las comidas. Combina bien con peras y habas. Recomendamos vinos tintos fuertes y ligeramente arom\u00e1ticos.<\/p>\n","protected":false},"featured_media":9179,"comment_status":"closed","ping_status":"closed","template":"","meta":{"_acf_changed":false,"inline_featured_image":false},"product_brand":[],"product_cat":[599],"product_tag":[],"class_list":{"0":"post-10572","1":"product","2":"type-product","3":"status-publish","4":"has-post-thumbnail","6":"product_cat-quesos","7":"pa_brand-formaggi-boccea-es","8":"pa_nazionalita-italia-es","9":"pa_tipologia-caciotta-es","10":"pa_tipologia-queso-con-leche-de-oveja","11":"pa_tipologia-queso-fresco","13":"first","14":"instock","15":"shipping-taxable","16":"product-type-simple"},"acf":[],"_links":{"self":[{"href":"https:\/\/ingredients.saccosystem.com\/es\/wp-json\/wp\/v2\/product\/10572","targetHints":{"allow":["GET"]}}],"collection":[{"href":"https:\/\/ingredients.saccosystem.com\/es\/wp-json\/wp\/v2\/product"}],"about":[{"href":"https:\/\/ingredients.saccosystem.com\/es\/wp-json\/wp\/v2\/types\/product"}],"replies":[{"embeddable":true,"href":"https:\/\/ingredients.saccosystem.com\/es\/wp-json\/wp\/v2\/comments?post=10572"}],"wp:featuredmedia":[{"embeddable":true,"href":"https:\/\/ingredients.saccosystem.com\/es\/wp-json\/wp\/v2\/media\/9179"}],"wp:attachment":[{"href":"https:\/\/ingredients.saccosystem.com\/es\/wp-json\/wp\/v2\/media?parent=10572"}],"wp:term":[{"taxonomy":"product_brand","embeddable":true,"href":"https:\/\/ingredients.saccosystem.com\/es\/wp-json\/wp\/v2\/product_brand?post=10572"},{"taxonomy":"product_cat","embeddable":true,"href":"https:\/\/ingredients.saccosystem.com\/es\/wp-json\/wp\/v2\/product_cat?post=10572"},{"taxonomy":"product_tag","embeddable":true,"href":"https:\/\/ingredients.saccosystem.com\/es\/wp-json\/wp\/v2\/product_tag?post=10572"}],"curies":[{"name":"wp","href":"https:\/\/api.w.org\/{rel}","templated":true}]}}