{"id":10581,"date":"2023-08-10T15:54:54","date_gmt":"2023-08-10T13:54:54","guid":{"rendered":"https:\/\/ingredients.saccosystem.com\/prodotto\/ricota-de-oveja-marella-formaggi-boccea\/"},"modified":"2024-07-12T16:43:30","modified_gmt":"2024-07-12T14:43:30","slug":"ricota-de-oveja-marella-formaggi-boccea","status":"publish","type":"product","link":"https:\/\/ingredients.saccosystem.com\/es\/prodotto\/ricota-de-oveja-marella-formaggi-boccea\/","title":{"rendered":"Ricota de oveja Marella Formaggi Boccea"},"content":{"rendered":"","protected":false},"excerpt":{"rendered":"<p>Ricota de leche de oveja t\u00edpica. La \u00abMARELLA\u00bb es hoy reconocida como una de las mejores del mercado italiano, la primera de Roma. Su aspecto cremoso y su intenso aroma se deben principalmente a la frescura de la leche procedente exclusivamente de los pastos de la regi\u00f3n del Lacio. Excelente solo o como aderezo de diversos alimentos (del caf\u00e9 a la pasta), con miel, mermeladas y con cacao se convierte en un postre r\u00e1pido, ligero y delicioso. Se puede degustar mientras se beben vinos blancos frescos, fragantes y arom\u00e1ticos.<\/p>\n","protected":false},"featured_media":9187,"comment_status":"closed","ping_status":"closed","template":"","meta":{"_acf_changed":false,"inline_featured_image":false},"product_brand":[],"product_cat":[599],"product_tag":[],"class_list":{"0":"post-10581","1":"product","2":"type-product","3":"status-publish","4":"has-post-thumbnail","6":"product_cat-quesos","7":"pa_brand-formaggi-boccea-es","8":"pa_nazionalita-italia-es","9":"pa_tipologia-queso-con-leche-de-oveja","10":"pa_tipologia-queso-fresco","12":"first","13":"instock","14":"shipping-taxable","15":"product-type-simple"},"acf":[],"_links":{"self":[{"href":"https:\/\/ingredients.saccosystem.com\/es\/wp-json\/wp\/v2\/product\/10581","targetHints":{"allow":["GET"]}}],"collection":[{"href":"https:\/\/ingredients.saccosystem.com\/es\/wp-json\/wp\/v2\/product"}],"about":[{"href":"https:\/\/ingredients.saccosystem.com\/es\/wp-json\/wp\/v2\/types\/product"}],"replies":[{"embeddable":true,"href":"https:\/\/ingredients.saccosystem.com\/es\/wp-json\/wp\/v2\/comments?post=10581"}],"wp:featuredmedia":[{"embeddable":true,"href":"https:\/\/ingredients.saccosystem.com\/es\/wp-json\/wp\/v2\/media\/9187"}],"wp:attachment":[{"href":"https:\/\/ingredients.saccosystem.com\/es\/wp-json\/wp\/v2\/media?parent=10581"}],"wp:term":[{"taxonomy":"product_brand","embeddable":true,"href":"https:\/\/ingredients.saccosystem.com\/es\/wp-json\/wp\/v2\/product_brand?post=10581"},{"taxonomy":"product_cat","embeddable":true,"href":"https:\/\/ingredients.saccosystem.com\/es\/wp-json\/wp\/v2\/product_cat?post=10581"},{"taxonomy":"product_tag","embeddable":true,"href":"https:\/\/ingredients.saccosystem.com\/es\/wp-json\/wp\/v2\/product_tag?post=10581"}],"curies":[{"name":"wp","href":"https:\/\/api.w.org\/{rel}","templated":true}]}}