{"id":10586,"date":"2023-08-11T10:03:51","date_gmt":"2023-08-11T08:03:51","guid":{"rendered":"https:\/\/ingredients.saccosystem.com\/prodotto\/synbio-3-0\/"},"modified":"2024-06-26T14:51:00","modified_gmt":"2024-06-26T12:51:00","slug":"synbio-3-0","status":"publish","type":"product","link":"https:\/\/ingredients.saccosystem.com\/es\/prodotto\/synbio-3-0\/","title":{"rendered":"Synbio 3.0"},"content":{"rendered":"","protected":false},"excerpt":{"rendered":"<div class=\"wpb_text_column wpb_content_element \">\n<div class=\"wpb_wrapper\">\n<header class=\"tm-vc_cta3-content-header tm-wrap\">\n<div class=\"tm-vc_cta3-headers tm-wrap-cell\">\n<h2 class=\"tm-custom-heading \">Suplemento para el sistema inmunitario y el equilibrio de la flora intestinal<\/h2>\n<\/div>\n<p class=\"heading-seperator\">Nacido de la experiencia de <sup>Synbio\u00ae<\/sup> y Synbio <sup>duo\u00ae<\/sup>, Synbio 3<sup>.0\u00ae <\/sup>es un complemento alimenticio a base de microorganismos probi\u00f3ticos que favorecen el equilibrio de la flora intestinal y aportan bienestar al organismo.<\/p>\n<\/header>\n<\/div>\n<\/div>\n<div class=\"wpb_text_column wpb_content_element \">\n<div class=\"wpb_wrapper\">\n<p>Su f\u00f3rmula innovadora est\u00e1 espec\u00edficamente dise\u00f1ada para mejorar la regularidad intestinal y estimular el sistema inmunitario, adem\u00e1s de tener actividad antioxidante y antigenot\u00f3xica.<\/p>\n<\/div>\n<\/div>\n","protected":false},"featured_media":9195,"comment_status":"closed","ping_status":"closed","template":"","meta":{"_acf_changed":false,"inline_featured_image":false},"product_brand":[],"product_cat":[373,675],"product_tag":[],"class_list":{"0":"post-10586","1":"product","2":"type-product","3":"status-publish","4":"has-post-thumbnail","6":"product_cat-pagina-de-inicio-destacada","7":"product_cat-suplementos","8":"pa_brand-synbiotec","9":"pa_nazionalita-italia-es","10":"pa_tipologia-probioticos-de-alta-calidad","11":"pa_tipologia-producto-sin-gluten","12":"pa_tipologia-producto-sin-lactosa","14":"first","15":"instock","16":"shipping-taxable","17":"product-type-simple"},"acf":[],"_links":{"self":[{"href":"https:\/\/ingredients.saccosystem.com\/es\/wp-json\/wp\/v2\/product\/10586","targetHints":{"allow":["GET"]}}],"collection":[{"href":"https:\/\/ingredients.saccosystem.com\/es\/wp-json\/wp\/v2\/product"}],"about":[{"href":"https:\/\/ingredients.saccosystem.com\/es\/wp-json\/wp\/v2\/types\/product"}],"replies":[{"embeddable":true,"href":"https:\/\/ingredients.saccosystem.com\/es\/wp-json\/wp\/v2\/comments?post=10586"}],"wp:featuredmedia":[{"embeddable":true,"href":"https:\/\/ingredients.saccosystem.com\/es\/wp-json\/wp\/v2\/media\/9195"}],"wp:attachment":[{"href":"https:\/\/ingredients.saccosystem.com\/es\/wp-json\/wp\/v2\/media?parent=10586"}],"wp:term":[{"taxonomy":"product_brand","embeddable":true,"href":"https:\/\/ingredients.saccosystem.com\/es\/wp-json\/wp\/v2\/product_brand?post=10586"},{"taxonomy":"product_cat","embeddable":true,"href":"https:\/\/ingredients.saccosystem.com\/es\/wp-json\/wp\/v2\/product_cat?post=10586"},{"taxonomy":"product_tag","embeddable":true,"href":"https:\/\/ingredients.saccosystem.com\/es\/wp-json\/wp\/v2\/product_tag?post=10586"}],"curies":[{"name":"wp","href":"https:\/\/api.w.org\/{rel}","templated":true}]}}