{"id":10587,"date":"2023-08-11T09:53:05","date_gmt":"2023-08-11T07:53:05","guid":{"rendered":"https:\/\/ingredients.saccosystem.com\/prodotto\/solvo-p\/"},"modified":"2024-07-12T16:42:45","modified_gmt":"2024-07-12T14:42:45","slug":"solvo-p","status":"publish","type":"product","link":"https:\/\/ingredients.saccosystem.com\/es\/prodotto\/solvo-p\/","title":{"rendered":"SOLVO &#8211; P"},"content":{"rendered":"","protected":false},"excerpt":{"rendered":"<p>Producto simple de tipo enmienda vegetal no compostado. El producto est\u00e1 libre de organismos gen\u00e9ticamente modificados y pat\u00f3genos<\/p>\n<p>Puntos fuertes:<\/p>\n<ol>\n<li>Diferencia de ra\u00edces<\/li>\n<li>Empuje del f\u00f3sforo<\/li>\n<li>Remediaci\u00f3n radical marcada<\/li>\n<li>Tolerancia en situaciones de sequ\u00eda.<\/li>\n<\/ol>\n","protected":false},"featured_media":9559,"comment_status":"closed","ping_status":"closed","template":"","meta":{"_acf_changed":false,"inline_featured_image":false},"product_brand":[],"product_cat":[541],"product_tag":[],"class_list":{"0":"post-10587","1":"product","2":"type-product","3":"status-publish","4":"has-post-thumbnail","6":"product_cat-productos-para-una-produccion-vegetal-sostenible","7":"pa_brand-b4green","8":"pa_nazionalita-italia-es","10":"first","11":"instock","12":"shipping-taxable","13":"product-type-simple"},"acf":[],"_links":{"self":[{"href":"https:\/\/ingredients.saccosystem.com\/es\/wp-json\/wp\/v2\/product\/10587","targetHints":{"allow":["GET"]}}],"collection":[{"href":"https:\/\/ingredients.saccosystem.com\/es\/wp-json\/wp\/v2\/product"}],"about":[{"href":"https:\/\/ingredients.saccosystem.com\/es\/wp-json\/wp\/v2\/types\/product"}],"replies":[{"embeddable":true,"href":"https:\/\/ingredients.saccosystem.com\/es\/wp-json\/wp\/v2\/comments?post=10587"}],"wp:featuredmedia":[{"embeddable":true,"href":"https:\/\/ingredients.saccosystem.com\/es\/wp-json\/wp\/v2\/media\/9559"}],"wp:attachment":[{"href":"https:\/\/ingredients.saccosystem.com\/es\/wp-json\/wp\/v2\/media?parent=10587"}],"wp:term":[{"taxonomy":"product_brand","embeddable":true,"href":"https:\/\/ingredients.saccosystem.com\/es\/wp-json\/wp\/v2\/product_brand?post=10587"},{"taxonomy":"product_cat","embeddable":true,"href":"https:\/\/ingredients.saccosystem.com\/es\/wp-json\/wp\/v2\/product_cat?post=10587"},{"taxonomy":"product_tag","embeddable":true,"href":"https:\/\/ingredients.saccosystem.com\/es\/wp-json\/wp\/v2\/product_tag?post=10587"}],"curies":[{"name":"wp","href":"https:\/\/api.w.org\/{rel}","templated":true}]}}