{"id":10588,"date":"2023-08-11T10:38:32","date_gmt":"2023-08-11T08:38:32","guid":{"rendered":"https:\/\/ingredients.saccosystem.com\/prodotto\/ginebra-synbio\/"},"modified":"2024-07-12T16:41:29","modified_gmt":"2024-07-12T14:41:29","slug":"ginebra-synbio","status":"publish","type":"product","link":"https:\/\/ingredients.saccosystem.com\/es\/prodotto\/ginebra-synbio\/","title":{"rendered":"Ginebra Synbio"},"content":{"rendered":"","protected":false},"excerpt":{"rendered":"<div class=\"wpb_text_column wpb_content_element \">\n<div class=\"wpb_wrapper\">\n<header class=\"tm-vc_cta3-content-header tm-wrap\">\n<div class=\"tm-vc_cta3-headers tm-wrap-cell\">\n<div class=\"wpb_text_column wpb_content_element \">\n<div class=\"wpb_wrapper\">\n<header class=\"tm-vc_cta3-content-header tm-wrap\">\n<div class=\"tm-vc_cta3-headers tm-wrap-cell\">\n<div class=\"wpb_text_column wpb_content_element \">\n<div class=\"wpb_wrapper\">\n<header class=\"tm-vc_cta3-content-header tm-wrap\">\n<div class=\"tm-vc_cta3-headers tm-wrap-cell\">\n<h2 class=\"tm-custom-heading \">\u00d3vulos vaginales con microorganismos probi\u00f3ticos contra la c\u00e1ndida y otras infecciones<\/h2>\n<\/div>\n<p class=\"heading-seperator\"><strong><sup>SYNBIO\u00ae<\/sup> gin<\/strong> es un producto sanitario en forma de<strong> \u00f3vulos vaginales<\/strong> que contiene Lactobacillus rhamnosus IMC <sup>501\u00ae<\/sup>, Lactobacillus paracasei IMC <sup>502\u00ae<\/sup>, fruto de la investigaci\u00f3n de Synbiotec (Patente n\u00ba RM2004A000166 y EP 1743042) y Lactobacillus plantarum IMC 509.<\/p>\n<\/header>\n<\/div>\n<\/div>\n<div class=\"wpb_text_column wpb_content_element \">\n<div class=\"wpb_wrapper\">\n<p>Producto sanitario de uso ginecol\u00f3gico a base de microorganismos probi\u00f3ticos, <strong><sup>SYNBIO\u00ae<\/sup> gin<\/strong> restablece el equilibrio natural de la flora vaginal y establece un efecto barrera eficaz contra los agentes pat\u00f3genos potenciales, en particular las levaduras del g\u00e9nero <em><br \/>\n  <strong>Candida<\/strong><br \/>\n<\/em>.<\/p>\n<\/div>\n<\/div>\n<\/div>\n<\/header>\n<\/div>\n<\/div>\n<\/div>\n<\/header>\n<\/div>\n<\/div>\n","protected":false},"featured_media":9203,"comment_status":"closed","ping_status":"closed","template":"","meta":{"_acf_changed":false,"inline_featured_image":false},"product_brand":[],"product_cat":[675],"product_tag":[],"class_list":{"0":"post-10588","1":"product","2":"type-product","3":"status-publish","4":"has-post-thumbnail","6":"product_cat-suplementos","7":"pa_brand-synbiotec","8":"pa_nazionalita-italia-es","9":"pa_tipologia-probioticos-de-alta-calidad","11":"first","12":"instock","13":"shipping-taxable","14":"product-type-simple"},"acf":[],"_links":{"self":[{"href":"https:\/\/ingredients.saccosystem.com\/es\/wp-json\/wp\/v2\/product\/10588","targetHints":{"allow":["GET"]}}],"collection":[{"href":"https:\/\/ingredients.saccosystem.com\/es\/wp-json\/wp\/v2\/product"}],"about":[{"href":"https:\/\/ingredients.saccosystem.com\/es\/wp-json\/wp\/v2\/types\/product"}],"replies":[{"embeddable":true,"href":"https:\/\/ingredients.saccosystem.com\/es\/wp-json\/wp\/v2\/comments?post=10588"}],"wp:featuredmedia":[{"embeddable":true,"href":"https:\/\/ingredients.saccosystem.com\/es\/wp-json\/wp\/v2\/media\/9203"}],"wp:attachment":[{"href":"https:\/\/ingredients.saccosystem.com\/es\/wp-json\/wp\/v2\/media?parent=10588"}],"wp:term":[{"taxonomy":"product_brand","embeddable":true,"href":"https:\/\/ingredients.saccosystem.com\/es\/wp-json\/wp\/v2\/product_brand?post=10588"},{"taxonomy":"product_cat","embeddable":true,"href":"https:\/\/ingredients.saccosystem.com\/es\/wp-json\/wp\/v2\/product_cat?post=10588"},{"taxonomy":"product_tag","embeddable":true,"href":"https:\/\/ingredients.saccosystem.com\/es\/wp-json\/wp\/v2\/product_tag?post=10588"}],"curies":[{"name":"wp","href":"https:\/\/api.w.org\/{rel}","templated":true}]}}