{"id":10590,"date":"2023-08-10T15:42:11","date_gmt":"2023-08-10T13:42:11","guid":{"rendered":"https:\/\/ingredients.saccosystem.com\/prodotto\/ricotta-romana-dop-marella\/"},"modified":"2024-07-12T16:44:10","modified_gmt":"2024-07-12T14:44:10","slug":"ricotta-romana-dop-marella","status":"publish","type":"product","link":"https:\/\/ingredients.saccosystem.com\/es\/prodotto\/ricotta-romana-dop-marella\/","title":{"rendered":"Ricotta Romana DOP Marella"},"content":{"rendered":"","protected":false},"excerpt":{"rendered":"<p>Ricotta Romana DOP de leche de oveja. Su aspecto cremoso y su intenso aroma se deben principalmente a la frescura de la leche procedente exclusivamente de los pastos de la regi\u00f3n del Lacio. Excelente solo o como condimento para una gran variedad de alimentos (desde el caf\u00e9 a la pasta), puede disfrutarse mientras se saborean vinos blancos frescos, fragantes y arom\u00e1ticos.<\/p>\n","protected":false},"featured_media":9185,"comment_status":"closed","ping_status":"closed","template":"","meta":{"_acf_changed":false,"inline_featured_image":false},"product_brand":[],"product_cat":[599],"product_tag":[],"class_list":{"0":"post-10590","1":"product","2":"type-product","3":"status-publish","4":"has-post-thumbnail","6":"product_cat-quesos","7":"pa_brand-formaggi-boccea-es","8":"pa_nazionalita-italia-es","9":"pa_tipologia-producto-d-o-p","10":"pa_tipologia-queso-con-leche-de-oveja","11":"pa_tipologia-queso-fresco","13":"first","14":"instock","15":"shipping-taxable","16":"product-type-simple"},"acf":[],"_links":{"self":[{"href":"https:\/\/ingredients.saccosystem.com\/es\/wp-json\/wp\/v2\/product\/10590","targetHints":{"allow":["GET"]}}],"collection":[{"href":"https:\/\/ingredients.saccosystem.com\/es\/wp-json\/wp\/v2\/product"}],"about":[{"href":"https:\/\/ingredients.saccosystem.com\/es\/wp-json\/wp\/v2\/types\/product"}],"replies":[{"embeddable":true,"href":"https:\/\/ingredients.saccosystem.com\/es\/wp-json\/wp\/v2\/comments?post=10590"}],"wp:featuredmedia":[{"embeddable":true,"href":"https:\/\/ingredients.saccosystem.com\/es\/wp-json\/wp\/v2\/media\/9185"}],"wp:attachment":[{"href":"https:\/\/ingredients.saccosystem.com\/es\/wp-json\/wp\/v2\/media?parent=10590"}],"wp:term":[{"taxonomy":"product_brand","embeddable":true,"href":"https:\/\/ingredients.saccosystem.com\/es\/wp-json\/wp\/v2\/product_brand?post=10590"},{"taxonomy":"product_cat","embeddable":true,"href":"https:\/\/ingredients.saccosystem.com\/es\/wp-json\/wp\/v2\/product_cat?post=10590"},{"taxonomy":"product_tag","embeddable":true,"href":"https:\/\/ingredients.saccosystem.com\/es\/wp-json\/wp\/v2\/product_tag?post=10590"}],"curies":[{"name":"wp","href":"https:\/\/api.w.org\/{rel}","templated":true}]}}