{"id":10592,"date":"2023-08-28T11:44:33","date_gmt":"2023-08-28T09:44:33","guid":{"rendered":"https:\/\/ingredients.saccosystem.com\/prodotto\/mozzarella-en-trozos-latterie-riunite\/"},"modified":"2024-07-12T16:34:15","modified_gmt":"2024-07-12T14:34:15","slug":"mozzarella-en-trozos-latterie-riunite","status":"publish","type":"product","link":"https:\/\/ingredients.saccosystem.com\/es\/prodotto\/mozzarella-en-trozos-latterie-riunite\/","title":{"rendered":"Mozzarella en trozos Latterie Riunite"},"content":{"rendered":"","protected":false},"excerpt":{"rendered":"<p>La mozzarella es un queso fresco, blando y fibroso. Tiene un caracter\u00edstico sabor salado, fresco y delicadamente \u00e1cido, y un olor fragante y delicado.<\/p>\n<p>La calidad depende de la bondad de la leche y de los fermentos que determinan el aroma y el sabor.<\/p>\n<p>Un excelente queso de mesa, tambi\u00e9n utilizado en la preparaci\u00f3n de pizzas. El maridaje t\u00edpico es con vinos blancos.<\/p>\n<p>Es un alimento popular en los meses c\u00e1lidos porque se puede comer en ensaladas, con tomates en la famosa caprese, o en platos fr\u00edos ali\u00f1ados con vinagre bals\u00e1mico. En la mesa de invierno, resulta excelente en sabrosos platos como las croquetas, las berenjenas a la parmesana o la tradicional mozzarella in carrozza. El 95% de los italianos consume mozzarella al menos una vez al mes.<\/p>\n","protected":false},"featured_media":9217,"comment_status":"closed","ping_status":"closed","template":"","meta":{"_acf_changed":false,"inline_featured_image":false},"product_brand":[],"product_cat":[599],"product_tag":[],"class_list":{"0":"post-10592","1":"product","2":"type-product","3":"status-publish","4":"has-post-thumbnail","6":"product_cat-quesos","7":"pa_brand-latterie-riunite-es","8":"pa_nazionalita-italia-es","9":"pa_tipologia-pasta-filata-queso","10":"pa_tipologia-queso-fresco","12":"first","13":"instock","14":"shipping-taxable","15":"product-type-simple"},"acf":[],"_links":{"self":[{"href":"https:\/\/ingredients.saccosystem.com\/es\/wp-json\/wp\/v2\/product\/10592","targetHints":{"allow":["GET"]}}],"collection":[{"href":"https:\/\/ingredients.saccosystem.com\/es\/wp-json\/wp\/v2\/product"}],"about":[{"href":"https:\/\/ingredients.saccosystem.com\/es\/wp-json\/wp\/v2\/types\/product"}],"replies":[{"embeddable":true,"href":"https:\/\/ingredients.saccosystem.com\/es\/wp-json\/wp\/v2\/comments?post=10592"}],"wp:featuredmedia":[{"embeddable":true,"href":"https:\/\/ingredients.saccosystem.com\/es\/wp-json\/wp\/v2\/media\/9217"}],"wp:attachment":[{"href":"https:\/\/ingredients.saccosystem.com\/es\/wp-json\/wp\/v2\/media?parent=10592"}],"wp:term":[{"taxonomy":"product_brand","embeddable":true,"href":"https:\/\/ingredients.saccosystem.com\/es\/wp-json\/wp\/v2\/product_brand?post=10592"},{"taxonomy":"product_cat","embeddable":true,"href":"https:\/\/ingredients.saccosystem.com\/es\/wp-json\/wp\/v2\/product_cat?post=10592"},{"taxonomy":"product_tag","embeddable":true,"href":"https:\/\/ingredients.saccosystem.com\/es\/wp-json\/wp\/v2\/product_tag?post=10592"}],"curies":[{"name":"wp","href":"https:\/\/api.w.org\/{rel}","templated":true}]}}