{"id":10593,"date":"2023-08-11T10:51:23","date_gmt":"2023-08-11T08:51:23","guid":{"rendered":"https:\/\/ingredients.saccosystem.com\/prodotto\/viajes-synbio\/"},"modified":"2024-07-12T16:40:49","modified_gmt":"2024-07-12T14:40:49","slug":"viajes-synbio","status":"publish","type":"product","link":"https:\/\/ingredients.saccosystem.com\/es\/prodotto\/viajes-synbio\/","title":{"rendered":"Viajes Synbio"},"content":{"rendered":"","protected":false},"excerpt":{"rendered":"<div class=\"wpb_text_column wpb_content_element \">\n<div class=\"wpb_wrapper\">\n<header class=\"tm-vc_cta3-content-header tm-wrap\">\n<div class=\"tm-vc_cta3-headers tm-wrap-cell\">\n<div class=\"wpb_text_column wpb_content_element \">\n<div class=\"wpb_wrapper\">\n<header class=\"tm-vc_cta3-content-header tm-wrap\">\n<div class=\"tm-vc_cta3-headers tm-wrap-cell\">\n<div class=\"wpb_text_column wpb_content_element \">\n<div class=\"wpb_wrapper\">\n<header class=\"tm-vc_cta3-content-header tm-wrap\">\n<div class=\"tm-vc_cta3-headers tm-wrap-cell\">\n<h2 class=\"tm-custom-heading \">Suplemento con microorganismos probi\u00f3ticos contra el estre\u00f1imiento, la diarrea y los trastornos intestinales t\u00edpicos de los viajes<\/h2>\n<\/div>\n<p class=\"heading-seperator\">Una de las dolencias intestinales m\u00e1s comunes que uno puede encontrarse cuando viaja es la <strong>diarrea del viajero<\/strong>, resultado de infecciones provocadas por bacterias, virus o protozoos presentes en los alimentos o el agua.<\/p>\n<\/header>\n<\/div>\n<\/div>\n<div class=\"wpb_text_column wpb_content_element \">\n<div class=\"wpb_wrapper\">\n<p>Precisamente para preservar el bienestar del intestino durante un viaje, Synbiotec Laboratories Srl ha concebido y producido el<strong>suplemento probi\u00f3tico <sup>Synbio\u00ae<\/sup> Travel<\/strong>, espec\u00edficamente dise\u00f1ado para ser utilizado en la <strong>preparaci\u00f3n de un<\/strong> viaje, <strong>durante el mismo<\/strong> y cuando se produzcan episodios de <strong>diarrea, estre\u00f1imiento<\/strong> o trastornos intestinales.<\/p>\n<\/div>\n<\/div>\n<\/div>\n<\/header>\n<\/div>\n<\/div>\n<\/div>\n<\/header>\n<\/div>\n<\/div>\n","protected":false},"featured_media":9201,"comment_status":"closed","ping_status":"closed","template":"","meta":{"_acf_changed":false,"inline_featured_image":false},"product_brand":[],"product_cat":[675],"product_tag":[],"class_list":{"0":"post-10593","1":"product","2":"type-product","3":"status-publish","4":"has-post-thumbnail","6":"product_cat-suplementos","7":"pa_brand-synbiotec","8":"pa_nazionalita-italia-es","9":"pa_tipologia-probioticos-de-alta-calidad","10":"pa_tipologia-producto-sin-gluten","11":"pa_tipologia-producto-sin-lactosa","13":"first","14":"instock","15":"shipping-taxable","16":"product-type-simple"},"acf":[],"_links":{"self":[{"href":"https:\/\/ingredients.saccosystem.com\/es\/wp-json\/wp\/v2\/product\/10593","targetHints":{"allow":["GET"]}}],"collection":[{"href":"https:\/\/ingredients.saccosystem.com\/es\/wp-json\/wp\/v2\/product"}],"about":[{"href":"https:\/\/ingredients.saccosystem.com\/es\/wp-json\/wp\/v2\/types\/product"}],"replies":[{"embeddable":true,"href":"https:\/\/ingredients.saccosystem.com\/es\/wp-json\/wp\/v2\/comments?post=10593"}],"wp:featuredmedia":[{"embeddable":true,"href":"https:\/\/ingredients.saccosystem.com\/es\/wp-json\/wp\/v2\/media\/9201"}],"wp:attachment":[{"href":"https:\/\/ingredients.saccosystem.com\/es\/wp-json\/wp\/v2\/media?parent=10593"}],"wp:term":[{"taxonomy":"product_brand","embeddable":true,"href":"https:\/\/ingredients.saccosystem.com\/es\/wp-json\/wp\/v2\/product_brand?post=10593"},{"taxonomy":"product_cat","embeddable":true,"href":"https:\/\/ingredients.saccosystem.com\/es\/wp-json\/wp\/v2\/product_cat?post=10593"},{"taxonomy":"product_tag","embeddable":true,"href":"https:\/\/ingredients.saccosystem.com\/es\/wp-json\/wp\/v2\/product_tag?post=10593"}],"curies":[{"name":"wp","href":"https:\/\/api.w.org\/{rel}","templated":true}]}}