{"id":10601,"date":"2023-08-28T15:46:13","date_gmt":"2023-08-28T13:46:13","guid":{"rendered":"https:\/\/ingredients.saccosystem.com\/prodotto\/toma-da-polenta-caseificio-rosso\/"},"modified":"2024-07-12T16:10:10","modified_gmt":"2024-07-12T14:10:10","slug":"toma-da-polenta-caseificio-rosso","status":"publish","type":"product","link":"https:\/\/ingredients.saccosystem.com\/es\/prodotto\/toma-da-polenta-caseificio-rosso\/","title":{"rendered":"Toma da polenta Caseificio Rosso"},"content":{"rendered":"","protected":false},"excerpt":{"rendered":"<p><strong>CALIDAD GARANTIZADA<\/strong><\/p>\n<p><em>Queso elaborado con leche local y madurado seg\u00fan m\u00e9todos tradicionales en las bodegas del Caseificio Rosso, en Biella, Piamonte.<\/em><\/p>\n<p>La TOMA da Polenta es un producto t\u00edpico de los valles alpinos del Piamonte. Elaborado con leche entera local procedente de dos orde\u00f1os consecutivos de la raza bovina<em>\u00abPezzata Rossa d&#8217;Oropa<\/em>\u00ab, criada seg\u00fan m\u00e9todos tradicionales.<\/p>\n<p>Su sabor es dulce, agradable y delicado. La consistencia blanda de su pasta es ideal para una larga maduraci\u00f3n. La leche fresca de monta\u00f1a se procesa para obtener una pasta m\u00e1s blanda y fibrosa, ideal para la preparaci\u00f3n de la tradicional polenta concia, elaborada con Maccagno, harina y mantequilla.<\/p>\n","protected":false},"featured_media":9243,"comment_status":"closed","ping_status":"closed","template":"","meta":{"_acf_changed":false,"inline_featured_image":false},"product_brand":[],"product_cat":[371,599],"product_tag":[],"class_list":{"0":"post-10601","1":"product","2":"type-product","3":"status-publish","4":"has-post-thumbnail","6":"product_cat-delicias-de-temporada","7":"product_cat-quesos","8":"pa_brand-caseificio-rosso","9":"pa_nazionalita-italia-es","10":"pa_tipologia-queso-curado","11":"pa_tipologia-queso-semiduro","13":"first","14":"instock","15":"shipping-taxable","16":"product-type-simple"},"acf":[],"_links":{"self":[{"href":"https:\/\/ingredients.saccosystem.com\/es\/wp-json\/wp\/v2\/product\/10601","targetHints":{"allow":["GET"]}}],"collection":[{"href":"https:\/\/ingredients.saccosystem.com\/es\/wp-json\/wp\/v2\/product"}],"about":[{"href":"https:\/\/ingredients.saccosystem.com\/es\/wp-json\/wp\/v2\/types\/product"}],"replies":[{"embeddable":true,"href":"https:\/\/ingredients.saccosystem.com\/es\/wp-json\/wp\/v2\/comments?post=10601"}],"wp:featuredmedia":[{"embeddable":true,"href":"https:\/\/ingredients.saccosystem.com\/es\/wp-json\/wp\/v2\/media\/9243"}],"wp:attachment":[{"href":"https:\/\/ingredients.saccosystem.com\/es\/wp-json\/wp\/v2\/media?parent=10601"}],"wp:term":[{"taxonomy":"product_brand","embeddable":true,"href":"https:\/\/ingredients.saccosystem.com\/es\/wp-json\/wp\/v2\/product_brand?post=10601"},{"taxonomy":"product_cat","embeddable":true,"href":"https:\/\/ingredients.saccosystem.com\/es\/wp-json\/wp\/v2\/product_cat?post=10601"},{"taxonomy":"product_tag","embeddable":true,"href":"https:\/\/ingredients.saccosystem.com\/es\/wp-json\/wp\/v2\/product_tag?post=10601"}],"curies":[{"name":"wp","href":"https:\/\/api.w.org\/{rel}","templated":true}]}}