{"id":10604,"date":"2023-08-31T13:49:22","date_gmt":"2023-08-31T11:49:22","guid":{"rendered":"https:\/\/ingredients.saccosystem.com\/prodotto\/salamella-salumificio-brugnolo\/"},"modified":"2024-07-02T17:35:37","modified_gmt":"2024-07-02T15:35:37","slug":"salamella-salumificio-brugnolo","status":"publish","type":"product","link":"https:\/\/ingredients.saccosystem.com\/es\/prodotto\/salamella-salumificio-brugnolo\/","title":{"rendered":"Salamella Salumificio Brugnolo"},"content":{"rendered":"","protected":false},"excerpt":{"rendered":"<p class=\"\">La salamella es un embutido artesano italiano de alta calidad. Elaborado con carne de cerdo italiana seleccionada y especias arom\u00e1ticas, ofrece un sabor aut\u00e9ntico y tradicional.<\/p>\n<p class=\"\">Es una opci\u00f3n ideal para los amantes de los aperitivos salados y los platos r\u00e1pidos para cualquier ocasi\u00f3n.<\/p>\n<p>Sin l\u00e1cteos ni gluten<\/p>\n","protected":false},"featured_media":9249,"comment_status":"closed","ping_status":"closed","template":"","meta":{"_acf_changed":false,"inline_featured_image":false},"product_brand":[],"product_cat":[686],"product_tag":[],"class_list":{"0":"post-10604","1":"product","2":"type-product","3":"status-publish","4":"has-post-thumbnail","6":"product_cat-salumi-es","7":"pa_brand-salumificio-brugnolo","8":"pa_nazionalita-italia-es","9":"pa_tipologia-salami-es","11":"first","12":"instock","13":"shipping-taxable","14":"product-type-simple"},"acf":[],"_links":{"self":[{"href":"https:\/\/ingredients.saccosystem.com\/es\/wp-json\/wp\/v2\/product\/10604","targetHints":{"allow":["GET"]}}],"collection":[{"href":"https:\/\/ingredients.saccosystem.com\/es\/wp-json\/wp\/v2\/product"}],"about":[{"href":"https:\/\/ingredients.saccosystem.com\/es\/wp-json\/wp\/v2\/types\/product"}],"replies":[{"embeddable":true,"href":"https:\/\/ingredients.saccosystem.com\/es\/wp-json\/wp\/v2\/comments?post=10604"}],"wp:featuredmedia":[{"embeddable":true,"href":"https:\/\/ingredients.saccosystem.com\/es\/wp-json\/wp\/v2\/media\/9249"}],"wp:attachment":[{"href":"https:\/\/ingredients.saccosystem.com\/es\/wp-json\/wp\/v2\/media?parent=10604"}],"wp:term":[{"taxonomy":"product_brand","embeddable":true,"href":"https:\/\/ingredients.saccosystem.com\/es\/wp-json\/wp\/v2\/product_brand?post=10604"},{"taxonomy":"product_cat","embeddable":true,"href":"https:\/\/ingredients.saccosystem.com\/es\/wp-json\/wp\/v2\/product_cat?post=10604"},{"taxonomy":"product_tag","embeddable":true,"href":"https:\/\/ingredients.saccosystem.com\/es\/wp-json\/wp\/v2\/product_tag?post=10604"}],"curies":[{"name":"wp","href":"https:\/\/api.w.org\/{rel}","templated":true}]}}