{"id":10623,"date":"2023-09-07T11:52:21","date_gmt":"2023-09-07T09:52:21","guid":{"rendered":"https:\/\/ingredients.saccosystem.com\/prodotto\/burrata-bufalinda\/"},"modified":"2024-07-02T17:33:48","modified_gmt":"2024-07-02T15:33:48","slug":"burrata-bufalinda","status":"publish","type":"product","link":"https:\/\/ingredients.saccosystem.com\/es\/prodotto\/burrata-bufalinda\/","title":{"rendered":"Burrata Bufalinda"},"content":{"rendered":"","protected":false},"excerpt":{"rendered":"<p>La burrata es un manjar de origen italiano elaborado con queso mozzarella blando y relleno de crema de leche con stracciatella (fibras de mozzarella).<\/p>\n<p>El sabor de nuestra Burrata es \u00fanico, ya que est\u00e1 elaborada con nuestra nata fermentada 100% de leche de b\u00fafala.<\/p>\n<p>Es ideal como aperitivo.<\/p>\n","protected":false},"featured_media":9269,"comment_status":"closed","ping_status":"closed","template":"","meta":{"_acf_changed":false,"inline_featured_image":false},"product_brand":[],"product_cat":[599],"product_tag":[],"class_list":{"0":"post-10623","1":"product","2":"type-product","3":"status-publish","4":"has-post-thumbnail","6":"product_cat-quesos","7":"pa_brand-bufalinda-es","8":"pa_nazionalita-venezuela-es","9":"pa_tipologia-queso-fresco","11":"first","12":"instock","13":"shipping-taxable","14":"product-type-simple"},"acf":[],"_links":{"self":[{"href":"https:\/\/ingredients.saccosystem.com\/es\/wp-json\/wp\/v2\/product\/10623","targetHints":{"allow":["GET"]}}],"collection":[{"href":"https:\/\/ingredients.saccosystem.com\/es\/wp-json\/wp\/v2\/product"}],"about":[{"href":"https:\/\/ingredients.saccosystem.com\/es\/wp-json\/wp\/v2\/types\/product"}],"replies":[{"embeddable":true,"href":"https:\/\/ingredients.saccosystem.com\/es\/wp-json\/wp\/v2\/comments?post=10623"}],"wp:featuredmedia":[{"embeddable":true,"href":"https:\/\/ingredients.saccosystem.com\/es\/wp-json\/wp\/v2\/media\/9269"}],"wp:attachment":[{"href":"https:\/\/ingredients.saccosystem.com\/es\/wp-json\/wp\/v2\/media?parent=10623"}],"wp:term":[{"taxonomy":"product_brand","embeddable":true,"href":"https:\/\/ingredients.saccosystem.com\/es\/wp-json\/wp\/v2\/product_brand?post=10623"},{"taxonomy":"product_cat","embeddable":true,"href":"https:\/\/ingredients.saccosystem.com\/es\/wp-json\/wp\/v2\/product_cat?post=10623"},{"taxonomy":"product_tag","embeddable":true,"href":"https:\/\/ingredients.saccosystem.com\/es\/wp-json\/wp\/v2\/product_tag?post=10623"}],"curies":[{"name":"wp","href":"https:\/\/api.w.org\/{rel}","templated":true}]}}