{"id":10627,"date":"2023-09-13T13:26:42","date_gmt":"2023-09-13T11:26:42","guid":{"rendered":"https:\/\/ingredients.saccosystem.com\/prodotto\/rumel-queseria-ventimiglia\/"},"modified":"2024-07-02T17:30:55","modified_gmt":"2024-07-02T15:30:55","slug":"rumel-queseria-ventimiglia","status":"publish","type":"product","link":"https:\/\/ingredients.saccosystem.com\/es\/prodotto\/rumel-queseria-ventimiglia\/","title":{"rendered":"Rumel Queseria Ventimiglia"},"content":{"rendered":"","protected":false},"excerpt":{"rendered":"<p>Rumel -Queso de Terroir de la Patagonia- significa \u00abpor los siglos de los siglos&#8230;\u00bb.<\/p>\n<p>Uno de los quesos semiduros m\u00e1s j\u00f3venes &#8211; s\u00f3lo 45 d\u00edas de maduraci\u00f3n para darle una cremosidad, ojos peque\u00f1os y un sabor sutil que debe probar, pura vaca jersey<\/p>\n","protected":false},"featured_media":9401,"comment_status":"closed","ping_status":"closed","template":"","meta":{"_acf_changed":false,"inline_featured_image":false},"product_brand":[],"product_cat":[599],"product_tag":[],"class_list":{"0":"post-10627","1":"product","2":"type-product","3":"status-publish","4":"has-post-thumbnail","6":"product_cat-quesos","7":"pa_brand-queseria-ventimiglia-es","8":"pa_nazionalita-argentina-es","9":"pa_tipologia-queso-curado","10":"pa_tipologia-queso-semiduro","12":"first","13":"instock","14":"shipping-taxable","15":"product-type-simple"},"acf":[],"_links":{"self":[{"href":"https:\/\/ingredients.saccosystem.com\/es\/wp-json\/wp\/v2\/product\/10627","targetHints":{"allow":["GET"]}}],"collection":[{"href":"https:\/\/ingredients.saccosystem.com\/es\/wp-json\/wp\/v2\/product"}],"about":[{"href":"https:\/\/ingredients.saccosystem.com\/es\/wp-json\/wp\/v2\/types\/product"}],"replies":[{"embeddable":true,"href":"https:\/\/ingredients.saccosystem.com\/es\/wp-json\/wp\/v2\/comments?post=10627"}],"wp:featuredmedia":[{"embeddable":true,"href":"https:\/\/ingredients.saccosystem.com\/es\/wp-json\/wp\/v2\/media\/9401"}],"wp:attachment":[{"href":"https:\/\/ingredients.saccosystem.com\/es\/wp-json\/wp\/v2\/media?parent=10627"}],"wp:term":[{"taxonomy":"product_brand","embeddable":true,"href":"https:\/\/ingredients.saccosystem.com\/es\/wp-json\/wp\/v2\/product_brand?post=10627"},{"taxonomy":"product_cat","embeddable":true,"href":"https:\/\/ingredients.saccosystem.com\/es\/wp-json\/wp\/v2\/product_cat?post=10627"},{"taxonomy":"product_tag","embeddable":true,"href":"https:\/\/ingredients.saccosystem.com\/es\/wp-json\/wp\/v2\/product_tag?post=10627"}],"curies":[{"name":"wp","href":"https:\/\/api.w.org\/{rel}","templated":true}]}}