{"id":10628,"date":"2023-09-25T11:09:06","date_gmt":"2023-09-25T09:09:06","guid":{"rendered":"https:\/\/ingredients.saccosystem.com\/prodotto\/duct-n\/"},"modified":"2024-07-02T17:29:13","modified_gmt":"2024-07-02T15:29:13","slug":"duct-n","status":"publish","type":"product","link":"https:\/\/ingredients.saccosystem.com\/es\/prodotto\/duct-n\/","title":{"rendered":"DUCT-N"},"content":{"rendered":"","protected":false},"excerpt":{"rendered":"<p>Producto simple de tipo enmienda vegetal no compostado. El producto est\u00e1 libre de organismos gen\u00e9ticamente modificados y pat\u00f3genos<\/p>\n<p>Puntos fuertes:<\/p>\n<ol>\n<li>Nitr\u00f3geno listo<\/li>\n<li>Empuje natural<\/li>\n<li>Ideal para superar con \u00e9xito los momentos de estr\u00e9s. Para un crecimiento m\u00e1s r\u00e1pido y \u00e1gil.<\/li>\n<li>  Promotor del crecimiento de los aparatos hipogeo y epigeo<\/li>\n<\/ol>\n","protected":false},"featured_media":9563,"comment_status":"closed","ping_status":"closed","template":"","meta":{"_acf_changed":false,"inline_featured_image":false},"product_brand":[],"product_cat":[541],"product_tag":[],"class_list":{"0":"post-10628","1":"product","2":"type-product","3":"status-publish","4":"has-post-thumbnail","6":"product_cat-productos-para-una-produccion-vegetal-sostenible","7":"pa_brand-b4green","8":"pa_nazionalita-italia-es","10":"first","11":"instock","12":"shipping-taxable","13":"product-type-simple"},"acf":[],"_links":{"self":[{"href":"https:\/\/ingredients.saccosystem.com\/es\/wp-json\/wp\/v2\/product\/10628","targetHints":{"allow":["GET"]}}],"collection":[{"href":"https:\/\/ingredients.saccosystem.com\/es\/wp-json\/wp\/v2\/product"}],"about":[{"href":"https:\/\/ingredients.saccosystem.com\/es\/wp-json\/wp\/v2\/types\/product"}],"replies":[{"embeddable":true,"href":"https:\/\/ingredients.saccosystem.com\/es\/wp-json\/wp\/v2\/comments?post=10628"}],"wp:featuredmedia":[{"embeddable":true,"href":"https:\/\/ingredients.saccosystem.com\/es\/wp-json\/wp\/v2\/media\/9563"}],"wp:attachment":[{"href":"https:\/\/ingredients.saccosystem.com\/es\/wp-json\/wp\/v2\/media?parent=10628"}],"wp:term":[{"taxonomy":"product_brand","embeddable":true,"href":"https:\/\/ingredients.saccosystem.com\/es\/wp-json\/wp\/v2\/product_brand?post=10628"},{"taxonomy":"product_cat","embeddable":true,"href":"https:\/\/ingredients.saccosystem.com\/es\/wp-json\/wp\/v2\/product_cat?post=10628"},{"taxonomy":"product_tag","embeddable":true,"href":"https:\/\/ingredients.saccosystem.com\/es\/wp-json\/wp\/v2\/product_tag?post=10628"}],"curies":[{"name":"wp","href":"https:\/\/api.w.org\/{rel}","templated":true}]}}