{"id":10629,"date":"2023-09-25T14:39:08","date_gmt":"2023-09-25T12:39:08","guid":{"rendered":"https:\/\/ingredients.saccosystem.com\/prodotto\/palzola-gorgonzola-picante\/"},"modified":"2024-07-02T17:25:13","modified_gmt":"2024-07-02T15:25:13","slug":"palzola-gorgonzola-picante","status":"publish","type":"product","link":"https:\/\/ingredients.saccosystem.com\/es\/prodotto\/palzola-gorgonzola-picante\/","title":{"rendered":"Palzola Gorgonzola picante"},"content":{"rendered":"","protected":false},"excerpt":{"rendered":"<p>El Gorgonzola natural de Palzola es uno de los productos m\u00e1s significativos de la empresa y uno de los m\u00e1s solicitados por los amantes y conocedores del queso. El queso madura entre 100 y 120 d\u00edas, durante los cuales el moho se expande suavemente por toda la superficie de la pasta compacta.<\/p>\n","protected":false},"featured_media":9567,"comment_status":"closed","ping_status":"closed","template":"","meta":{"_acf_changed":false,"inline_featured_image":false},"product_brand":[],"product_cat":[599],"product_tag":[],"class_list":{"0":"post-10629","1":"product","2":"type-product","3":"status-publish","4":"has-post-thumbnail","6":"product_cat-quesos","7":"pa_brand-palzola-es","8":"pa_nazionalita-italia-es","9":"pa_tipologia-producto-d-o-p","10":"pa_tipologia-queso-curado","11":"pa_tipologia-queso-gorgonzola-picante","13":"first","14":"instock","15":"shipping-taxable","16":"product-type-simple"},"acf":[],"_links":{"self":[{"href":"https:\/\/ingredients.saccosystem.com\/es\/wp-json\/wp\/v2\/product\/10629","targetHints":{"allow":["GET"]}}],"collection":[{"href":"https:\/\/ingredients.saccosystem.com\/es\/wp-json\/wp\/v2\/product"}],"about":[{"href":"https:\/\/ingredients.saccosystem.com\/es\/wp-json\/wp\/v2\/types\/product"}],"replies":[{"embeddable":true,"href":"https:\/\/ingredients.saccosystem.com\/es\/wp-json\/wp\/v2\/comments?post=10629"}],"wp:featuredmedia":[{"embeddable":true,"href":"https:\/\/ingredients.saccosystem.com\/es\/wp-json\/wp\/v2\/media\/9567"}],"wp:attachment":[{"href":"https:\/\/ingredients.saccosystem.com\/es\/wp-json\/wp\/v2\/media?parent=10629"}],"wp:term":[{"taxonomy":"product_brand","embeddable":true,"href":"https:\/\/ingredients.saccosystem.com\/es\/wp-json\/wp\/v2\/product_brand?post=10629"},{"taxonomy":"product_cat","embeddable":true,"href":"https:\/\/ingredients.saccosystem.com\/es\/wp-json\/wp\/v2\/product_cat?post=10629"},{"taxonomy":"product_tag","embeddable":true,"href":"https:\/\/ingredients.saccosystem.com\/es\/wp-json\/wp\/v2\/product_tag?post=10629"}],"curies":[{"name":"wp","href":"https:\/\/api.w.org\/{rel}","templated":true}]}}