{"id":10630,"date":"2023-09-25T11:00:14","date_gmt":"2023-09-25T09:00:14","guid":{"rendered":"https:\/\/ingredients.saccosystem.com\/prodotto\/mixtio\/"},"modified":"2024-07-02T17:29:43","modified_gmt":"2024-07-02T15:29:43","slug":"mixtio","status":"publish","type":"product","link":"https:\/\/ingredients.saccosystem.com\/es\/prodotto\/mixtio\/","title":{"rendered":"MIXTIO"},"content":{"rendered":"","protected":false},"excerpt":{"rendered":"<p>Producto simple de tipo enmienda vegetal no compostado. El producto est\u00e1 libre de organismos gen\u00e9ticamente modificados y pat\u00f3genos<\/p>\n<p>Puntos fuertes:<\/p>\n<ol>\n<li>Condiciones extremas<\/li>\n<li>Empuje de la rizosfera<\/li>\n<li>Entrenudos m\u00e1s cortos y mejor cuajado.<\/li>\n<li>Ahorro de unidades de nitr\u00f3geno a partir de fuentes qu\u00edmicas.<\/li>\n<\/ol>\n","protected":false},"featured_media":9561,"comment_status":"closed","ping_status":"closed","template":"","meta":{"_acf_changed":false,"inline_featured_image":false},"product_brand":[],"product_cat":[541],"product_tag":[],"class_list":{"0":"post-10630","1":"product","2":"type-product","3":"status-publish","4":"has-post-thumbnail","6":"product_cat-productos-para-una-produccion-vegetal-sostenible","7":"pa_brand-b4green","8":"pa_nazionalita-italia-es","10":"first","11":"instock","12":"shipping-taxable","13":"product-type-simple"},"acf":[],"_links":{"self":[{"href":"https:\/\/ingredients.saccosystem.com\/es\/wp-json\/wp\/v2\/product\/10630","targetHints":{"allow":["GET"]}}],"collection":[{"href":"https:\/\/ingredients.saccosystem.com\/es\/wp-json\/wp\/v2\/product"}],"about":[{"href":"https:\/\/ingredients.saccosystem.com\/es\/wp-json\/wp\/v2\/types\/product"}],"replies":[{"embeddable":true,"href":"https:\/\/ingredients.saccosystem.com\/es\/wp-json\/wp\/v2\/comments?post=10630"}],"wp:featuredmedia":[{"embeddable":true,"href":"https:\/\/ingredients.saccosystem.com\/es\/wp-json\/wp\/v2\/media\/9561"}],"wp:attachment":[{"href":"https:\/\/ingredients.saccosystem.com\/es\/wp-json\/wp\/v2\/media?parent=10630"}],"wp:term":[{"taxonomy":"product_brand","embeddable":true,"href":"https:\/\/ingredients.saccosystem.com\/es\/wp-json\/wp\/v2\/product_brand?post=10630"},{"taxonomy":"product_cat","embeddable":true,"href":"https:\/\/ingredients.saccosystem.com\/es\/wp-json\/wp\/v2\/product_cat?post=10630"},{"taxonomy":"product_tag","embeddable":true,"href":"https:\/\/ingredients.saccosystem.com\/es\/wp-json\/wp\/v2\/product_tag?post=10630"}],"curies":[{"name":"wp","href":"https:\/\/api.w.org\/{rel}","templated":true}]}}