{"id":10634,"date":"2023-08-09T11:05:51","date_gmt":"2023-08-09T09:05:51","guid":{"rendered":"https:\/\/ingredients.saccosystem.com\/prodotto\/grana-padano-grupo-lsm\/"},"modified":"2024-07-16T12:51:30","modified_gmt":"2024-07-16T10:51:30","slug":"grana-padano-grupo-lsm","status":"publish","type":"product","link":"https:\/\/ingredients.saccosystem.com\/es\/prodotto\/grana-padano-grupo-lsm\/","title":{"rendered":"Grana Padano Grupo LSM"},"content":{"rendered":"","protected":false},"excerpt":{"rendered":"<div class=\"vc_row wpb_row vc_row-fluid\">\n<div class=\"wpb_column vc_column_container vc_col-sm-12\">\n<div class=\"vc_column-inner vc_custom_1484828983369\">\n<div class=\"wpb_wrapper\">\n<div class=\"wpb_text_column wpb_content_element\">\n<div class=\"wpb_wrapper\">\n<div class=\"dynamic-col-1\">\n<p>El Grana Padano es un alimento con propiedades beneficiosas demostradas; tiene efectos positivos sobre determinadas funciones del organismo, adem\u00e1s de su valor nutritivo b\u00e1sico, mejorando <strong>el bienestar<\/strong> de quienes lo consumen. <strong>Altamente digestible<\/strong>, hipoalerg\u00e9nico, rico en prote\u00ednas, calcio y f\u00f3sforo, es apto para consumidores de todas las edades.<br \/>\n<strong>El Grana Padano de LSM Group es bueno<\/strong>.<br \/>\nUn producto de renombre con un sabor \u00fanico e inconfundible, fruto de la antigua tradici\u00f3n mantuana.<\/p>\n<\/div>\n<p class=\"p1\">Cada n\u00famero de serie (MN 427, MN 437, MN 473) tiene matices de calidad y sabor excepcionales, que han contribuido a hacer de nuestro Grana Padano uno de los m\u00e1s premiados del mundo.<\/p>\n<\/div>\n<\/div>\n<\/div>\n<\/div>\n<\/div>\n<\/div>\n","protected":false},"featured_media":9067,"comment_status":"closed","ping_status":"closed","template":"","meta":{"_acf_changed":false,"inline_featured_image":false},"product_brand":[],"product_cat":[599],"product_tag":[],"class_list":{"0":"post-10634","1":"product","2":"type-product","3":"status-publish","4":"has-post-thumbnail","6":"product_cat-quesos","7":"pa_brand-latteria-sociale-mantova-es","8":"pa_nazionalita-italia-es","9":"pa_tipologia-grana-padano-es","10":"pa_tipologia-producto-d-o-p","11":"pa_tipologia-queso-curado","13":"first","14":"instock","15":"shipping-taxable","16":"product-type-simple"},"acf":[],"_links":{"self":[{"href":"https:\/\/ingredients.saccosystem.com\/es\/wp-json\/wp\/v2\/product\/10634","targetHints":{"allow":["GET"]}}],"collection":[{"href":"https:\/\/ingredients.saccosystem.com\/es\/wp-json\/wp\/v2\/product"}],"about":[{"href":"https:\/\/ingredients.saccosystem.com\/es\/wp-json\/wp\/v2\/types\/product"}],"replies":[{"embeddable":true,"href":"https:\/\/ingredients.saccosystem.com\/es\/wp-json\/wp\/v2\/comments?post=10634"}],"wp:featuredmedia":[{"embeddable":true,"href":"https:\/\/ingredients.saccosystem.com\/es\/wp-json\/wp\/v2\/media\/9067"}],"wp:attachment":[{"href":"https:\/\/ingredients.saccosystem.com\/es\/wp-json\/wp\/v2\/media?parent=10634"}],"wp:term":[{"taxonomy":"product_brand","embeddable":true,"href":"https:\/\/ingredients.saccosystem.com\/es\/wp-json\/wp\/v2\/product_brand?post=10634"},{"taxonomy":"product_cat","embeddable":true,"href":"https:\/\/ingredients.saccosystem.com\/es\/wp-json\/wp\/v2\/product_cat?post=10634"},{"taxonomy":"product_tag","embeddable":true,"href":"https:\/\/ingredients.saccosystem.com\/es\/wp-json\/wp\/v2\/product_tag?post=10634"}],"curies":[{"name":"wp","href":"https:\/\/api.w.org\/{rel}","templated":true}]}}