{"id":10643,"date":"2023-08-08T14:21:46","date_gmt":"2023-08-08T12:21:46","guid":{"rendered":"https:\/\/ingredients.saccosystem.com\/prodotto\/yogur-colado-con-chocolate\/"},"modified":"2024-07-16T13:07:57","modified_gmt":"2024-07-16T11:07:57","slug":"yogur-colado-con-chocolate","status":"publish","type":"product","link":"https:\/\/ingredients.saccosystem.com\/es\/prodotto\/yogur-colado-con-chocolate\/","title":{"rendered":"Yogur colado con chocolate"},"content":{"rendered":"","protected":false},"excerpt":{"rendered":"<p>La dulce gula del chocolate se convierte en protagonista indiscutible, regalando al paladar un derroche de sabores y fragancias irresistibles. Pero este tarro ser\u00e1 capaz de seducir todos los sentidos y tambi\u00e9n de alegrar. El yogur se somete a un tratamiento espec\u00edfico de eliminaci\u00f3n del suero (proceso de colado) que lo hace espeso y cremoso.<\/p>\n<p>&nbsp;<\/p>\n","protected":false},"featured_media":8997,"comment_status":"closed","ping_status":"closed","template":"","meta":{"_acf_changed":false,"inline_featured_image":false},"product_brand":[],"product_cat":[483],"product_tag":[],"class_list":{"0":"post-10643","1":"product","2":"type-product","3":"status-publish","4":"has-post-thumbnail","6":"product_cat-yogur","7":"pa_brand-caseificio-val-daveto-es","8":"pa_nazionalita-italia-es","9":"pa_tipologia-yogur-colado","11":"first","12":"instock","13":"shipping-taxable","14":"product-type-simple"},"acf":[],"_links":{"self":[{"href":"https:\/\/ingredients.saccosystem.com\/es\/wp-json\/wp\/v2\/product\/10643","targetHints":{"allow":["GET"]}}],"collection":[{"href":"https:\/\/ingredients.saccosystem.com\/es\/wp-json\/wp\/v2\/product"}],"about":[{"href":"https:\/\/ingredients.saccosystem.com\/es\/wp-json\/wp\/v2\/types\/product"}],"replies":[{"embeddable":true,"href":"https:\/\/ingredients.saccosystem.com\/es\/wp-json\/wp\/v2\/comments?post=10643"}],"wp:featuredmedia":[{"embeddable":true,"href":"https:\/\/ingredients.saccosystem.com\/es\/wp-json\/wp\/v2\/media\/8997"}],"wp:attachment":[{"href":"https:\/\/ingredients.saccosystem.com\/es\/wp-json\/wp\/v2\/media?parent=10643"}],"wp:term":[{"taxonomy":"product_brand","embeddable":true,"href":"https:\/\/ingredients.saccosystem.com\/es\/wp-json\/wp\/v2\/product_brand?post=10643"},{"taxonomy":"product_cat","embeddable":true,"href":"https:\/\/ingredients.saccosystem.com\/es\/wp-json\/wp\/v2\/product_cat?post=10643"},{"taxonomy":"product_tag","embeddable":true,"href":"https:\/\/ingredients.saccosystem.com\/es\/wp-json\/wp\/v2\/product_tag?post=10643"}],"curies":[{"name":"wp","href":"https:\/\/api.w.org\/{rel}","templated":true}]}}