{"id":10644,"date":"2023-08-09T09:51:37","date_gmt":"2023-08-09T07:51:37","guid":{"rendered":"https:\/\/ingredients.saccosystem.com\/prodotto\/mozzarella-fior-di-latte-la-cava\/"},"modified":"2024-07-16T12:59:05","modified_gmt":"2024-07-16T10:59:05","slug":"mozzarella-fior-di-latte-la-cava","status":"publish","type":"product","link":"https:\/\/ingredients.saccosystem.com\/es\/prodotto\/mozzarella-fior-di-latte-la-cava\/","title":{"rendered":"Mozzarella fior di latte La Cava"},"content":{"rendered":"","protected":false},"excerpt":{"rendered":"<p>Ligera, dulce y delicada, <strong>la mozzarella fiordilatte La Cava<\/strong> se elabora con leche de vaca procedente de peque\u00f1as explotaciones locales, pasteurizada y procesada en nuestra queser\u00eda seg\u00fan la tradici\u00f3n.<\/p>\n<p>De la experiencia de nuestros maestros queseros nacen trenzas, nudos, trozos y bocados de mozzarella, todos unidos por la <strong>calidad de la leche<\/strong> y la <strong>artesan\u00eda <\/strong>.  <\/p>\n<p>&nbsp;<\/p>\n","protected":false},"featured_media":9045,"comment_status":"closed","ping_status":"closed","template":"","meta":{"_acf_changed":false,"inline_featured_image":false},"product_brand":[],"product_cat":[599],"product_tag":[],"class_list":{"0":"post-10644","1":"product","2":"type-product","3":"status-publish","4":"has-post-thumbnail","6":"product_cat-quesos","7":"pa_brand-caseificio-la-cava","8":"pa_nazionalita-italia-es","9":"pa_tipologia-pasta-filata-queso","10":"pa_tipologia-queso-fresco","12":"first","13":"instock","14":"shipping-taxable","15":"product-type-simple"},"acf":[],"_links":{"self":[{"href":"https:\/\/ingredients.saccosystem.com\/es\/wp-json\/wp\/v2\/product\/10644","targetHints":{"allow":["GET"]}}],"collection":[{"href":"https:\/\/ingredients.saccosystem.com\/es\/wp-json\/wp\/v2\/product"}],"about":[{"href":"https:\/\/ingredients.saccosystem.com\/es\/wp-json\/wp\/v2\/types\/product"}],"replies":[{"embeddable":true,"href":"https:\/\/ingredients.saccosystem.com\/es\/wp-json\/wp\/v2\/comments?post=10644"}],"wp:featuredmedia":[{"embeddable":true,"href":"https:\/\/ingredients.saccosystem.com\/es\/wp-json\/wp\/v2\/media\/9045"}],"wp:attachment":[{"href":"https:\/\/ingredients.saccosystem.com\/es\/wp-json\/wp\/v2\/media?parent=10644"}],"wp:term":[{"taxonomy":"product_brand","embeddable":true,"href":"https:\/\/ingredients.saccosystem.com\/es\/wp-json\/wp\/v2\/product_brand?post=10644"},{"taxonomy":"product_cat","embeddable":true,"href":"https:\/\/ingredients.saccosystem.com\/es\/wp-json\/wp\/v2\/product_cat?post=10644"},{"taxonomy":"product_tag","embeddable":true,"href":"https:\/\/ingredients.saccosystem.com\/es\/wp-json\/wp\/v2\/product_tag?post=10644"}],"curies":[{"name":"wp","href":"https:\/\/api.w.org\/{rel}","templated":true}]}}