{"id":10650,"date":"2023-08-09T09:18:53","date_gmt":"2023-08-09T07:18:53","guid":{"rendered":"https:\/\/ingredients.saccosystem.com\/prodotto\/mini-jolly-salami-de-5-piezas\/"},"modified":"2024-07-16T12:59:45","modified_gmt":"2024-07-16T10:59:45","slug":"mini-jolly-salami-de-5-piezas","status":"publish","type":"product","link":"https:\/\/ingredients.saccosystem.com\/es\/prodotto\/mini-jolly-salami-de-5-piezas\/","title":{"rendered":"Mini Jolly Salami de 5 piezas"},"content":{"rendered":"","protected":false},"excerpt":{"rendered":"<p>Producto elaborado a partir de materias primas seleccionadas de cerdos pesados italianos, nacidos, criados y sacrificados en Italia. Dada la producci\u00f3n artesanal, el peso indicado debe entenderse como el peso medio del producto. El producto est\u00e1 sujeto a una p\u00e9rdida de peso natural.<\/p>\n<p>&nbsp;<\/p>\n","protected":false},"featured_media":9041,"comment_status":"closed","ping_status":"closed","template":"","meta":{"_acf_changed":false,"inline_featured_image":false},"product_brand":[],"product_cat":[686],"product_tag":[],"class_list":{"0":"post-10650","1":"product","2":"type-product","3":"status-publish","4":"has-post-thumbnail","6":"product_cat-salumi-es","7":"pa_brand-fumagalli","8":"pa_nazionalita-italia-es","9":"pa_tipologia-producto-d-o-p","10":"pa_tipologia-salami-es","12":"first","13":"instock","14":"shipping-taxable","15":"product-type-simple"},"acf":[],"_links":{"self":[{"href":"https:\/\/ingredients.saccosystem.com\/es\/wp-json\/wp\/v2\/product\/10650","targetHints":{"allow":["GET"]}}],"collection":[{"href":"https:\/\/ingredients.saccosystem.com\/es\/wp-json\/wp\/v2\/product"}],"about":[{"href":"https:\/\/ingredients.saccosystem.com\/es\/wp-json\/wp\/v2\/types\/product"}],"replies":[{"embeddable":true,"href":"https:\/\/ingredients.saccosystem.com\/es\/wp-json\/wp\/v2\/comments?post=10650"}],"wp:featuredmedia":[{"embeddable":true,"href":"https:\/\/ingredients.saccosystem.com\/es\/wp-json\/wp\/v2\/media\/9041"}],"wp:attachment":[{"href":"https:\/\/ingredients.saccosystem.com\/es\/wp-json\/wp\/v2\/media?parent=10650"}],"wp:term":[{"taxonomy":"product_brand","embeddable":true,"href":"https:\/\/ingredients.saccosystem.com\/es\/wp-json\/wp\/v2\/product_brand?post=10650"},{"taxonomy":"product_cat","embeddable":true,"href":"https:\/\/ingredients.saccosystem.com\/es\/wp-json\/wp\/v2\/product_cat?post=10650"},{"taxonomy":"product_tag","embeddable":true,"href":"https:\/\/ingredients.saccosystem.com\/es\/wp-json\/wp\/v2\/product_tag?post=10650"}],"curies":[{"name":"wp","href":"https:\/\/api.w.org\/{rel}","templated":true}]}}