{"id":10655,"date":"2023-08-08T14:58:08","date_gmt":"2023-08-08T12:58:08","guid":{"rendered":"https:\/\/ingredients.saccosystem.com\/prodotto\/yogur-colado-con-mango\/"},"modified":"2024-07-16T13:08:00","modified_gmt":"2024-07-16T11:08:00","slug":"yogur-colado-con-mango","status":"publish","type":"product","link":"https:\/\/ingredients.saccosystem.com\/es\/prodotto\/yogur-colado-con-mango\/","title":{"rendered":"Yogur colado con mango"},"content":{"rendered":"","protected":false},"excerpt":{"rendered":"<p>Una fruta ex\u00f3tica de color en\u00e9rgico que enriquece nuestro yogur colado con un sabor dulce y delicado. Adem\u00e1s del encanto de su dulzor, el mango es una rica fuente de vitaminas (especialmente A,B y C), minerales (sobre todo potasio, calcio y magnesio), fibra y agua, caracter\u00edsticas que lo hacen especialmente adecuado para el bienestar intestinal y como suplemento energ\u00e9tico.<\/p>\n<p>El yogur se somete a un tratamiento espec\u00edfico de eliminaci\u00f3n del suero (proceso de colado) que lo hace espeso y cremoso.<\/p>\n<p>&nbsp;<\/p>\n","protected":false},"featured_media":9003,"comment_status":"closed","ping_status":"closed","template":"","meta":{"_acf_changed":false,"inline_featured_image":false},"product_brand":[],"product_cat":[483],"product_tag":[],"class_list":{"0":"post-10655","1":"product","2":"type-product","3":"status-publish","4":"has-post-thumbnail","6":"product_cat-yogur","7":"pa_brand-caseificio-val-daveto-es","8":"pa_nazionalita-italia-es","9":"pa_tipologia-yogur-colado","11":"first","12":"instock","13":"shipping-taxable","14":"product-type-simple"},"acf":[],"_links":{"self":[{"href":"https:\/\/ingredients.saccosystem.com\/es\/wp-json\/wp\/v2\/product\/10655","targetHints":{"allow":["GET"]}}],"collection":[{"href":"https:\/\/ingredients.saccosystem.com\/es\/wp-json\/wp\/v2\/product"}],"about":[{"href":"https:\/\/ingredients.saccosystem.com\/es\/wp-json\/wp\/v2\/types\/product"}],"replies":[{"embeddable":true,"href":"https:\/\/ingredients.saccosystem.com\/es\/wp-json\/wp\/v2\/comments?post=10655"}],"wp:featuredmedia":[{"embeddable":true,"href":"https:\/\/ingredients.saccosystem.com\/es\/wp-json\/wp\/v2\/media\/9003"}],"wp:attachment":[{"href":"https:\/\/ingredients.saccosystem.com\/es\/wp-json\/wp\/v2\/media?parent=10655"}],"wp:term":[{"taxonomy":"product_brand","embeddable":true,"href":"https:\/\/ingredients.saccosystem.com\/es\/wp-json\/wp\/v2\/product_brand?post=10655"},{"taxonomy":"product_cat","embeddable":true,"href":"https:\/\/ingredients.saccosystem.com\/es\/wp-json\/wp\/v2\/product_cat?post=10655"},{"taxonomy":"product_tag","embeddable":true,"href":"https:\/\/ingredients.saccosystem.com\/es\/wp-json\/wp\/v2\/product_tag?post=10655"}],"curies":[{"name":"wp","href":"https:\/\/api.w.org\/{rel}","templated":true}]}}