{"id":10662,"date":"2023-09-25T14:19:29","date_gmt":"2023-09-25T12:19:29","guid":{"rendered":"https:\/\/ingredients.saccosystem.com\/prodotto\/gorgonzola-dolce-palzola\/"},"modified":"2024-07-02T17:28:12","modified_gmt":"2024-07-02T15:28:12","slug":"gorgonzola-dolce-palzola","status":"publish","type":"product","link":"https:\/\/ingredients.saccosystem.com\/es\/prodotto\/gorgonzola-dolce-palzola\/","title":{"rendered":"Gorgonzola Dolce Palzola"},"content":{"rendered":"","protected":false},"excerpt":{"rendered":"<p>El Gorgonzola dolce Sovrano de la queser\u00eda de Palzola posee una cremosidad caracter\u00edstica que destaca en el panorama de las DOP. Lo que distingue a este producto es tambi\u00e9n su capacidad para conservar esta caracter\u00edstica durante varios d\u00edas. Adem\u00e1s, su cremosidad se combina agradablemente con un delicado y bien fundido sabor a hierbas en la masa.<\/p>\n","protected":false},"featured_media":9565,"comment_status":"closed","ping_status":"closed","template":"","meta":{"_acf_changed":false,"inline_featured_image":false},"product_brand":[],"product_cat":[599],"product_tag":[],"class_list":{"0":"post-10662","1":"product","2":"type-product","3":"status-publish","4":"has-post-thumbnail","6":"product_cat-quesos","7":"pa_brand-palzola-es","8":"pa_nazionalita-italia-es","9":"pa_tipologia-queso-curado","10":"pa_tipologia-queso-gorgonzola-dulce","12":"first","13":"instock","14":"shipping-taxable","15":"product-type-simple"},"acf":[],"_links":{"self":[{"href":"https:\/\/ingredients.saccosystem.com\/es\/wp-json\/wp\/v2\/product\/10662","targetHints":{"allow":["GET"]}}],"collection":[{"href":"https:\/\/ingredients.saccosystem.com\/es\/wp-json\/wp\/v2\/product"}],"about":[{"href":"https:\/\/ingredients.saccosystem.com\/es\/wp-json\/wp\/v2\/types\/product"}],"replies":[{"embeddable":true,"href":"https:\/\/ingredients.saccosystem.com\/es\/wp-json\/wp\/v2\/comments?post=10662"}],"wp:featuredmedia":[{"embeddable":true,"href":"https:\/\/ingredients.saccosystem.com\/es\/wp-json\/wp\/v2\/media\/9565"}],"wp:attachment":[{"href":"https:\/\/ingredients.saccosystem.com\/es\/wp-json\/wp\/v2\/media?parent=10662"}],"wp:term":[{"taxonomy":"product_brand","embeddable":true,"href":"https:\/\/ingredients.saccosystem.com\/es\/wp-json\/wp\/v2\/product_brand?post=10662"},{"taxonomy":"product_cat","embeddable":true,"href":"https:\/\/ingredients.saccosystem.com\/es\/wp-json\/wp\/v2\/product_cat?post=10662"},{"taxonomy":"product_tag","embeddable":true,"href":"https:\/\/ingredients.saccosystem.com\/es\/wp-json\/wp\/v2\/product_tag?post=10662"}],"curies":[{"name":"wp","href":"https:\/\/api.w.org\/{rel}","templated":true}]}}