{"id":10663,"date":"2023-08-09T09:56:19","date_gmt":"2023-08-09T07:56:19","guid":{"rendered":"https:\/\/ingredients.saccosystem.com\/prodotto\/queso-provola-sazonado-la-cava\/"},"modified":"2024-07-16T12:58:40","modified_gmt":"2024-07-16T10:58:40","slug":"queso-provola-sazonado-la-cava","status":"publish","type":"product","link":"https:\/\/ingredients.saccosystem.com\/es\/prodotto\/queso-provola-sazonado-la-cava\/","title":{"rendered":"Queso provola sazonado La Cava"},"content":{"rendered":"","protected":false},"excerpt":{"rendered":"<p><strong>Provolola stagionata La Cava<\/strong> es un queso <strong>siciliano de pastaflora de leche<\/strong> de vaca, elaborado seg\u00fan la tradici\u00f3n y madurado un m\u00ednimo de dos meses.<\/p>\n<p>El tratamiento manual del quesero hace que aparezcan las caracter\u00edsticas grietas en la pasta de este queso durante la fase de maduraci\u00f3n: de ah\u00ed el nombre de <strong>\u00abprovola sfoglia\u00bb o \u00abprovola sfogliata\u00bb<\/strong>. En comparaci\u00f3n con otras provolas, frescas o semicuradas, \u00e9sta tiene un <strong>sabor m\u00e1s sabroso y una pasta m\u00e1s compacta,<\/strong> marcada por los agujeros.<\/p>\n","protected":false},"featured_media":9047,"comment_status":"closed","ping_status":"closed","template":"","meta":{"_acf_changed":false,"inline_featured_image":false},"product_brand":[],"product_cat":[599],"product_tag":[],"class_list":{"0":"post-10663","1":"product","2":"type-product","3":"status-publish","4":"has-post-thumbnail","6":"product_cat-quesos","7":"pa_brand-caseificio-la-cava","8":"pa_nazionalita-italia-es","9":"pa_tipologia-pasta-filata-queso","10":"pa_tipologia-queso-curado","12":"first","13":"instock","14":"shipping-taxable","15":"product-type-simple"},"acf":[],"_links":{"self":[{"href":"https:\/\/ingredients.saccosystem.com\/es\/wp-json\/wp\/v2\/product\/10663","targetHints":{"allow":["GET"]}}],"collection":[{"href":"https:\/\/ingredients.saccosystem.com\/es\/wp-json\/wp\/v2\/product"}],"about":[{"href":"https:\/\/ingredients.saccosystem.com\/es\/wp-json\/wp\/v2\/types\/product"}],"replies":[{"embeddable":true,"href":"https:\/\/ingredients.saccosystem.com\/es\/wp-json\/wp\/v2\/comments?post=10663"}],"wp:featuredmedia":[{"embeddable":true,"href":"https:\/\/ingredients.saccosystem.com\/es\/wp-json\/wp\/v2\/media\/9047"}],"wp:attachment":[{"href":"https:\/\/ingredients.saccosystem.com\/es\/wp-json\/wp\/v2\/media?parent=10663"}],"wp:term":[{"taxonomy":"product_brand","embeddable":true,"href":"https:\/\/ingredients.saccosystem.com\/es\/wp-json\/wp\/v2\/product_brand?post=10663"},{"taxonomy":"product_cat","embeddable":true,"href":"https:\/\/ingredients.saccosystem.com\/es\/wp-json\/wp\/v2\/product_cat?post=10663"},{"taxonomy":"product_tag","embeddable":true,"href":"https:\/\/ingredients.saccosystem.com\/es\/wp-json\/wp\/v2\/product_tag?post=10663"}],"curies":[{"name":"wp","href":"https:\/\/api.w.org\/{rel}","templated":true}]}}