{"id":10666,"date":"2023-08-09T09:35:39","date_gmt":"2023-08-09T07:35:39","guid":{"rendered":"https:\/\/ingredients.saccosystem.com\/prodotto\/familia-salami\/"},"modified":"2024-07-16T12:59:47","modified_gmt":"2024-07-16T10:59:47","slug":"familia-salami","status":"publish","type":"product","link":"https:\/\/ingredients.saccosystem.com\/es\/prodotto\/familia-salami\/","title":{"rendered":"Familia Salami"},"content":{"rendered":"","protected":false},"excerpt":{"rendered":"<p>El salame famiglia se obtiene picando carne magra de cerdo mezclada con grasa de cerdo en proporciones adecuadas, mezclada con aromas seg\u00fan diversas recetas. Se trata de un peque\u00f1o embutido de sabor muy delicado, elaborado \u00fanicamente con carne magra de cerdo y tocino. Cada salchicha del paquete pesa unos 200 g y mide unos 15 cm.<\/p>\n<p>&nbsp;<\/p>\n","protected":false},"featured_media":9043,"comment_status":"closed","ping_status":"closed","template":"","meta":{"_acf_changed":false,"inline_featured_image":false},"product_brand":[],"product_cat":[686],"product_tag":[],"class_list":{"0":"post-10666","1":"product","2":"type-product","3":"status-publish","4":"has-post-thumbnail","6":"product_cat-salumi-es","7":"pa_brand-gabba-salumi-es","8":"pa_nazionalita-italia-es","9":"pa_tipologia-salami-es","11":"first","12":"instock","13":"shipping-taxable","14":"product-type-simple"},"acf":[],"_links":{"self":[{"href":"https:\/\/ingredients.saccosystem.com\/es\/wp-json\/wp\/v2\/product\/10666","targetHints":{"allow":["GET"]}}],"collection":[{"href":"https:\/\/ingredients.saccosystem.com\/es\/wp-json\/wp\/v2\/product"}],"about":[{"href":"https:\/\/ingredients.saccosystem.com\/es\/wp-json\/wp\/v2\/types\/product"}],"replies":[{"embeddable":true,"href":"https:\/\/ingredients.saccosystem.com\/es\/wp-json\/wp\/v2\/comments?post=10666"}],"wp:featuredmedia":[{"embeddable":true,"href":"https:\/\/ingredients.saccosystem.com\/es\/wp-json\/wp\/v2\/media\/9043"}],"wp:attachment":[{"href":"https:\/\/ingredients.saccosystem.com\/es\/wp-json\/wp\/v2\/media?parent=10666"}],"wp:term":[{"taxonomy":"product_brand","embeddable":true,"href":"https:\/\/ingredients.saccosystem.com\/es\/wp-json\/wp\/v2\/product_brand?post=10666"},{"taxonomy":"product_cat","embeddable":true,"href":"https:\/\/ingredients.saccosystem.com\/es\/wp-json\/wp\/v2\/product_cat?post=10666"},{"taxonomy":"product_tag","embeddable":true,"href":"https:\/\/ingredients.saccosystem.com\/es\/wp-json\/wp\/v2\/product_tag?post=10666"}],"curies":[{"name":"wp","href":"https:\/\/api.w.org\/{rel}","templated":true}]}}