{"id":10669,"date":"2023-09-07T11:26:31","date_gmt":"2023-09-07T09:26:31","guid":{"rendered":"https:\/\/ingredients.saccosystem.com\/prodotto\/yogur-natural-el-griego-bufalinda\/"},"modified":"2024-07-02T17:34:32","modified_gmt":"2024-07-02T15:34:32","slug":"yogur-natural-el-griego-bufalinda","status":"publish","type":"product","link":"https:\/\/ingredients.saccosystem.com\/es\/prodotto\/yogur-natural-el-griego-bufalinda\/","title":{"rendered":"Yogur Natural El Griego Bufalinda"},"content":{"rendered":"","protected":false},"excerpt":{"rendered":"<p>Es el primer yogur griego de Venezuela con la calidad y el sabor de la leche de b\u00fafala 100%.<\/p>\n<p>Es espeso, cremoso, natural, delicioso y rico en nutrientes como prote\u00ednas y calcio. Sus fermentos probi\u00f3ticos ayudan a una mejor digesti\u00f3n.<\/p>\n<p>\u00abEl Griego\u00bb es el yogur m\u00e1s sabroso y saludable de Venezuela, perfecto para cualquier ocasi\u00f3n.<\/p>\n","protected":false},"featured_media":9265,"comment_status":"closed","ping_status":"closed","template":"","meta":{"_acf_changed":false,"inline_featured_image":false},"product_brand":[],"product_cat":[483],"product_tag":[],"class_list":{"0":"post-10669","1":"product","2":"type-product","3":"status-publish","4":"has-post-thumbnail","6":"product_cat-yogur","7":"pa_brand-bufalinda-es","8":"pa_nazionalita-venezuela-es","9":"pa_tipologia-yogur-colado","11":"first","12":"instock","13":"shipping-taxable","14":"product-type-simple"},"acf":[],"_links":{"self":[{"href":"https:\/\/ingredients.saccosystem.com\/es\/wp-json\/wp\/v2\/product\/10669","targetHints":{"allow":["GET"]}}],"collection":[{"href":"https:\/\/ingredients.saccosystem.com\/es\/wp-json\/wp\/v2\/product"}],"about":[{"href":"https:\/\/ingredients.saccosystem.com\/es\/wp-json\/wp\/v2\/types\/product"}],"replies":[{"embeddable":true,"href":"https:\/\/ingredients.saccosystem.com\/es\/wp-json\/wp\/v2\/comments?post=10669"}],"wp:featuredmedia":[{"embeddable":true,"href":"https:\/\/ingredients.saccosystem.com\/es\/wp-json\/wp\/v2\/media\/9265"}],"wp:attachment":[{"href":"https:\/\/ingredients.saccosystem.com\/es\/wp-json\/wp\/v2\/media?parent=10669"}],"wp:term":[{"taxonomy":"product_brand","embeddable":true,"href":"https:\/\/ingredients.saccosystem.com\/es\/wp-json\/wp\/v2\/product_brand?post=10669"},{"taxonomy":"product_cat","embeddable":true,"href":"https:\/\/ingredients.saccosystem.com\/es\/wp-json\/wp\/v2\/product_cat?post=10669"},{"taxonomy":"product_tag","embeddable":true,"href":"https:\/\/ingredients.saccosystem.com\/es\/wp-json\/wp\/v2\/product_tag?post=10669"}],"curies":[{"name":"wp","href":"https:\/\/api.w.org\/{rel}","templated":true}]}}