{"id":10677,"date":"2023-10-05T10:32:53","date_gmt":"2023-10-05T08:32:53","guid":{"rendered":"https:\/\/ingredients.saccosystem.com\/prodotto\/queso-aleccio-dicrodo\/"},"modified":"2024-06-26T15:18:44","modified_gmt":"2024-06-26T13:18:44","slug":"queso-aleccio-dicrodo","status":"publish","type":"product","link":"https:\/\/ingredients.saccosystem.com\/es\/prodotto\/queso-aleccio-dicrodo\/","title":{"rendered":"Queso Aleccio Dicrodo"},"content":{"rendered":"","protected":false},"excerpt":{"rendered":"<p>Queso de 45 d\u00edas de maduraci\u00f3n elaborado con leche entera de vaca pasteurizada, pasta semicocida con coagulaci\u00f3n enzim\u00e1tica. Corteza no comestible lavada.<\/p>\n<p>La corteza es fina, flexible, ligeramente h\u00fameda y de un agradable color entre ocre y anaranjado. El paladar es bien rendidor, mantecoso, no astringente. El sabor es dulce y no empalagoso.<\/p>\n<p>Maridaje sugerido: Vinos tintos, blancos secos o arom\u00e1ticos. Mermeladas de frutas. Excelente como queso para fondue en combinaci\u00f3n con el queso Dicrodo Nostrano, el queso Cistellino y el queso Bajta.<\/p>\n","protected":false},"featured_media":9605,"comment_status":"closed","ping_status":"closed","template":"","meta":{"_acf_changed":false,"inline_featured_image":false},"product_brand":[],"product_cat":[599],"product_tag":[],"class_list":{"0":"post-10677","1":"product","2":"type-product","3":"status-publish","4":"has-post-thumbnail","6":"product_cat-quesos","7":"pa_brand-latteria-sociale-antigoriana-es","8":"pa_nazionalita-italia-es","9":"pa_tipologia-queso-curado","11":"first","12":"instock","13":"shipping-taxable","14":"product-type-simple"},"acf":[],"_links":{"self":[{"href":"https:\/\/ingredients.saccosystem.com\/es\/wp-json\/wp\/v2\/product\/10677","targetHints":{"allow":["GET"]}}],"collection":[{"href":"https:\/\/ingredients.saccosystem.com\/es\/wp-json\/wp\/v2\/product"}],"about":[{"href":"https:\/\/ingredients.saccosystem.com\/es\/wp-json\/wp\/v2\/types\/product"}],"replies":[{"embeddable":true,"href":"https:\/\/ingredients.saccosystem.com\/es\/wp-json\/wp\/v2\/comments?post=10677"}],"wp:featuredmedia":[{"embeddable":true,"href":"https:\/\/ingredients.saccosystem.com\/es\/wp-json\/wp\/v2\/media\/9605"}],"wp:attachment":[{"href":"https:\/\/ingredients.saccosystem.com\/es\/wp-json\/wp\/v2\/media?parent=10677"}],"wp:term":[{"taxonomy":"product_brand","embeddable":true,"href":"https:\/\/ingredients.saccosystem.com\/es\/wp-json\/wp\/v2\/product_brand?post=10677"},{"taxonomy":"product_cat","embeddable":true,"href":"https:\/\/ingredients.saccosystem.com\/es\/wp-json\/wp\/v2\/product_cat?post=10677"},{"taxonomy":"product_tag","embeddable":true,"href":"https:\/\/ingredients.saccosystem.com\/es\/wp-json\/wp\/v2\/product_tag?post=10677"}],"curies":[{"name":"wp","href":"https:\/\/api.w.org\/{rel}","templated":true}]}}