{"id":10689,"date":"2023-10-03T14:45:11","date_gmt":"2023-10-03T12:45:11","guid":{"rendered":"https:\/\/ingredients.saccosystem.com\/prodotto\/tomino-del-boscaiolo-caseificio-longo\/"},"modified":"2024-07-02T17:20:47","modified_gmt":"2024-07-02T15:20:47","slug":"tomino-del-boscaiolo-caseificio-longo","status":"publish","type":"product","link":"https:\/\/ingredients.saccosystem.com\/es\/prodotto\/tomino-del-boscaiolo-caseificio-longo\/","title":{"rendered":"Tomino del Boscaiolo\u00ae Caseificio Longo"},"content":{"rendered":"","protected":false},"excerpt":{"rendered":"<div class=\"col-lg-6\">\n<div class=\"content-box-wrapper\">\n<div class=\"title-box\">\n<p><span class=\"\">Leche 100% piamontesa<\/span>, receta tradicional y autenticidad: estos son los ingredientes que hacen <span class=\"\">del Tomino del Boscaiolo\u00ae <\/span>un queso \u00fanico, que encierra la esencia de la tradici\u00f3n de una zona donde la excelencia enogastron\u00f3mica es marca de la casa.<br \/>\nEl tomino original <strong>para cocinar<\/strong> se reconoce por su textura blanda y firme y su maduraci\u00f3n, que le confieren un sabor dulce con un ligero toque picante.<\/p>\n<\/div>\n<\/div>\n<\/div>\n<div class=\"col-md-12 p-b-40\">\n<p>La calidad del Tomino del Boscaiolo\u00ae est\u00e1 certificada de acuerdo con las normas m\u00e1s estrictas de todo el mundo. Gracias a una relaci\u00f3n que dura d\u00e9cadas con los ganaderos piamonteses, Caseificio Longo puede contar con un suministro de leche de primera calidad, que garantiza la creaci\u00f3n de un producto inconfundible, conocido y apreciado incluso m\u00e1s all\u00e1 de las fronteras nacionales.<\/p>\n<\/div>\n","protected":false},"featured_media":9597,"comment_status":"closed","ping_status":"closed","template":"","meta":{"_acf_changed":false,"inline_featured_image":false},"product_brand":[],"product_cat":[599],"product_tag":[],"class_list":{"0":"post-10689","1":"product","2":"type-product","3":"status-publish","4":"has-post-thumbnail","6":"product_cat-quesos","7":"pa_brand-caseificio-longo-es","8":"pa_nazionalita-italia-es","9":"pa_tipologia-queso-blando","10":"pa_tipologia-queso-curado","11":"pa_tipologia-tomino-es","13":"first","14":"instock","15":"shipping-taxable","16":"product-type-simple"},"acf":[],"_links":{"self":[{"href":"https:\/\/ingredients.saccosystem.com\/es\/wp-json\/wp\/v2\/product\/10689","targetHints":{"allow":["GET"]}}],"collection":[{"href":"https:\/\/ingredients.saccosystem.com\/es\/wp-json\/wp\/v2\/product"}],"about":[{"href":"https:\/\/ingredients.saccosystem.com\/es\/wp-json\/wp\/v2\/types\/product"}],"replies":[{"embeddable":true,"href":"https:\/\/ingredients.saccosystem.com\/es\/wp-json\/wp\/v2\/comments?post=10689"}],"wp:featuredmedia":[{"embeddable":true,"href":"https:\/\/ingredients.saccosystem.com\/es\/wp-json\/wp\/v2\/media\/9597"}],"wp:attachment":[{"href":"https:\/\/ingredients.saccosystem.com\/es\/wp-json\/wp\/v2\/media?parent=10689"}],"wp:term":[{"taxonomy":"product_brand","embeddable":true,"href":"https:\/\/ingredients.saccosystem.com\/es\/wp-json\/wp\/v2\/product_brand?post=10689"},{"taxonomy":"product_cat","embeddable":true,"href":"https:\/\/ingredients.saccosystem.com\/es\/wp-json\/wp\/v2\/product_cat?post=10689"},{"taxonomy":"product_tag","embeddable":true,"href":"https:\/\/ingredients.saccosystem.com\/es\/wp-json\/wp\/v2\/product_tag?post=10689"}],"curies":[{"name":"wp","href":"https:\/\/api.w.org\/{rel}","templated":true}]}}