{"id":10696,"date":"2023-11-20T17:16:07","date_gmt":"2023-11-20T16:16:07","guid":{"rendered":"https:\/\/ingredients.saccosystem.com\/prodotto\/eidam-koliba\/"},"modified":"2024-06-25T17:33:40","modified_gmt":"2024-06-25T15:33:40","slug":"eidam-koliba","status":"publish","type":"product","link":"https:\/\/ingredients.saccosystem.com\/es\/prodotto\/eidam-koliba\/","title":{"rendered":"Eidam Koliba"},"content":{"rendered":"","protected":false},"excerpt":{"rendered":"<p>Producto l\u00e1cteo semiduro, madurado, completo, en forma de salami, 45 % de grasa en materia seca.<\/p>\n<p>Est\u00e1 disponible en cuatro paquetes diferentes. Tiene un sabor suave, a queso con leche, delicado y no demasiado salado. Por lo tanto, se puede utilizar en platos fr\u00edos y calientes; crea f\u00e1cilmente una armon\u00eda con otros sabores.<\/p>\n<p>Es ideal para fre\u00edr.<\/p>\n","protected":false},"featured_media":9701,"comment_status":"closed","ping_status":"closed","template":"","meta":{"_acf_changed":false,"inline_featured_image":false},"product_brand":[],"product_cat":[599],"product_tag":[],"class_list":{"0":"post-10696","1":"product","2":"type-product","3":"status-publish","4":"has-post-thumbnail","6":"product_cat-quesos","7":"pa_brand-koliba-es","8":"pa_nazionalita-eslovaquia","9":"pa_tipologia-queso-semiduro","11":"first","12":"instock","13":"shipping-taxable","14":"product-type-simple"},"acf":[],"_links":{"self":[{"href":"https:\/\/ingredients.saccosystem.com\/es\/wp-json\/wp\/v2\/product\/10696","targetHints":{"allow":["GET"]}}],"collection":[{"href":"https:\/\/ingredients.saccosystem.com\/es\/wp-json\/wp\/v2\/product"}],"about":[{"href":"https:\/\/ingredients.saccosystem.com\/es\/wp-json\/wp\/v2\/types\/product"}],"replies":[{"embeddable":true,"href":"https:\/\/ingredients.saccosystem.com\/es\/wp-json\/wp\/v2\/comments?post=10696"}],"wp:featuredmedia":[{"embeddable":true,"href":"https:\/\/ingredients.saccosystem.com\/es\/wp-json\/wp\/v2\/media\/9701"}],"wp:attachment":[{"href":"https:\/\/ingredients.saccosystem.com\/es\/wp-json\/wp\/v2\/media?parent=10696"}],"wp:term":[{"taxonomy":"product_brand","embeddable":true,"href":"https:\/\/ingredients.saccosystem.com\/es\/wp-json\/wp\/v2\/product_brand?post=10696"},{"taxonomy":"product_cat","embeddable":true,"href":"https:\/\/ingredients.saccosystem.com\/es\/wp-json\/wp\/v2\/product_cat?post=10696"},{"taxonomy":"product_tag","embeddable":true,"href":"https:\/\/ingredients.saccosystem.com\/es\/wp-json\/wp\/v2\/product_tag?post=10696"}],"curies":[{"name":"wp","href":"https:\/\/api.w.org\/{rel}","templated":true}]}}