{"id":10698,"date":"2023-10-03T16:03:06","date_gmt":"2023-10-03T14:03:06","guid":{"rendered":"https:\/\/ingredients.saccosystem.com\/prodotto\/queso-dicrodo-nostrano\/"},"modified":"2024-07-17T16:56:59","modified_gmt":"2024-07-17T14:56:59","slug":"queso-dicrodo-nostrano","status":"publish","type":"product","link":"https:\/\/ingredients.saccosystem.com\/es\/prodotto\/queso-dicrodo-nostrano\/","title":{"rendered":"Queso Dicrodo Nostrano"},"content":{"rendered":"","protected":false},"excerpt":{"rendered":"<p>Queso con un periodo m\u00ednimo de maduraci\u00f3n de 60 d\u00edas. , de leche entera de vaca, pasteurizado, de pasta semicocida con coagulaci\u00f3n enzim\u00e1tica. Corteza no comestible.<\/p>\n<p>Maridaje recomendado: Vinos tintos con cuerpo. Miel de casta\u00f1o. Manzanas silvestres, pan negro de centeno, polenta.<\/p>\n","protected":false},"featured_media":9599,"comment_status":"closed","ping_status":"closed","template":"","meta":{"_acf_changed":false,"inline_featured_image":false},"product_brand":[],"product_cat":[599],"product_tag":[],"class_list":{"0":"post-10698","1":"product","2":"type-product","3":"status-publish","4":"has-post-thumbnail","6":"product_cat-quesos","7":"pa_brand-latteria-sociale-antigoriana-es","8":"pa_nazionalita-italia-es","9":"pa_tipologia-queso-curado","11":"first","12":"instock","13":"shipping-taxable","14":"product-type-simple"},"acf":[],"_links":{"self":[{"href":"https:\/\/ingredients.saccosystem.com\/es\/wp-json\/wp\/v2\/product\/10698","targetHints":{"allow":["GET"]}}],"collection":[{"href":"https:\/\/ingredients.saccosystem.com\/es\/wp-json\/wp\/v2\/product"}],"about":[{"href":"https:\/\/ingredients.saccosystem.com\/es\/wp-json\/wp\/v2\/types\/product"}],"replies":[{"embeddable":true,"href":"https:\/\/ingredients.saccosystem.com\/es\/wp-json\/wp\/v2\/comments?post=10698"}],"wp:featuredmedia":[{"embeddable":true,"href":"https:\/\/ingredients.saccosystem.com\/es\/wp-json\/wp\/v2\/media\/9599"}],"wp:attachment":[{"href":"https:\/\/ingredients.saccosystem.com\/es\/wp-json\/wp\/v2\/media?parent=10698"}],"wp:term":[{"taxonomy":"product_brand","embeddable":true,"href":"https:\/\/ingredients.saccosystem.com\/es\/wp-json\/wp\/v2\/product_brand?post=10698"},{"taxonomy":"product_cat","embeddable":true,"href":"https:\/\/ingredients.saccosystem.com\/es\/wp-json\/wp\/v2\/product_cat?post=10698"},{"taxonomy":"product_tag","embeddable":true,"href":"https:\/\/ingredients.saccosystem.com\/es\/wp-json\/wp\/v2\/product_tag?post=10698"}],"curies":[{"name":"wp","href":"https:\/\/api.w.org\/{rel}","templated":true}]}}