{"id":10700,"date":"2023-10-05T11:02:33","date_gmt":"2023-10-05T09:02:33","guid":{"rendered":"https:\/\/ingredients.saccosystem.com\/prodotto\/queso-dicrodo-vinum\/"},"modified":"2024-01-17T10:25:03","modified_gmt":"2024-01-17T09:25:03","slug":"queso-dicrodo-vinum","status":"publish","type":"product","link":"https:\/\/ingredients.saccosystem.com\/es\/prodotto\/queso-dicrodo-vinum\/","title":{"rendered":"Queso Dicrodo Vinum"},"content":{"rendered":"","protected":false},"excerpt":{"rendered":"<p>Queso madurado, de leche entera de vaca, pasteurizado, de pasta semicocida con coagulaci\u00f3n enzim\u00e1tica. Madurado en orujo de Prunent. Corteza no comestible.<\/p>\n<p>Queso obtenido macerando las ruedas en el orujo de uvas \u00abPrunent\u00bb, un clon de Nebbiolo cultivado en la regi\u00f3n de Ossola. El resultado es un queso de corteza marr\u00f3n rojiza, bien esponjosa por la acci\u00f3n del orujo de uva, que la ablanda, permitiendo que los aromas de la uva penetren en la pasta.<\/p>\n","protected":false},"featured_media":9609,"comment_status":"closed","ping_status":"closed","template":"","meta":{"_acf_changed":false,"inline_featured_image":false},"product_brand":[],"product_cat":[599],"product_tag":[],"class_list":{"0":"post-10700","1":"product","2":"type-product","3":"status-publish","4":"has-post-thumbnail","6":"product_cat-quesos","7":"pa_brand-latteria-sociale-antigoriana-es","8":"pa_nazionalita-italia-es","9":"pa_tipologia-queso-curado","11":"first","12":"instock","13":"shipping-taxable","14":"product-type-simple"},"acf":[],"_links":{"self":[{"href":"https:\/\/ingredients.saccosystem.com\/es\/wp-json\/wp\/v2\/product\/10700","targetHints":{"allow":["GET"]}}],"collection":[{"href":"https:\/\/ingredients.saccosystem.com\/es\/wp-json\/wp\/v2\/product"}],"about":[{"href":"https:\/\/ingredients.saccosystem.com\/es\/wp-json\/wp\/v2\/types\/product"}],"replies":[{"embeddable":true,"href":"https:\/\/ingredients.saccosystem.com\/es\/wp-json\/wp\/v2\/comments?post=10700"}],"wp:featuredmedia":[{"embeddable":true,"href":"https:\/\/ingredients.saccosystem.com\/es\/wp-json\/wp\/v2\/media\/9609"}],"wp:attachment":[{"href":"https:\/\/ingredients.saccosystem.com\/es\/wp-json\/wp\/v2\/media?parent=10700"}],"wp:term":[{"taxonomy":"product_brand","embeddable":true,"href":"https:\/\/ingredients.saccosystem.com\/es\/wp-json\/wp\/v2\/product_brand?post=10700"},{"taxonomy":"product_cat","embeddable":true,"href":"https:\/\/ingredients.saccosystem.com\/es\/wp-json\/wp\/v2\/product_cat?post=10700"},{"taxonomy":"product_tag","embeddable":true,"href":"https:\/\/ingredients.saccosystem.com\/es\/wp-json\/wp\/v2\/product_tag?post=10700"}],"curies":[{"name":"wp","href":"https:\/\/api.w.org\/{rel}","templated":true}]}}