{"id":10703,"date":"2023-10-13T08:33:36","date_gmt":"2023-10-13T06:33:36","guid":{"rendered":"https:\/\/ingredients.saccosystem.com\/prodotto\/gorgonzola-dolce-dop-arrigoni\/"},"modified":"2024-06-25T17:56:21","modified_gmt":"2024-06-25T15:56:21","slug":"gorgonzola-dolce-dop-arrigoni","status":"publish","type":"product","link":"https:\/\/ingredients.saccosystem.com\/es\/prodotto\/gorgonzola-dolce-dop-arrigoni\/","title":{"rendered":"Gorgonzola Dolce DOP Arrigoni"},"content":{"rendered":"","protected":false},"excerpt":{"rendered":"<p>Queso de pasta blanda, azul y sin cocer, elaborado con leche entera de vaca, que debe su nombre a una peque\u00f1a localidad lombarda cercana a Mil\u00e1n, donde se dice que se origin\u00f3 en el siglo XII para recuperar una cuajada olvidada el d\u00eda anterior. La versi\u00f3n dulce es blanda, con un veteado uniformemente distribuido, pero se caracteriza principalmente por mohos de color azul verdoso.<\/p>\n<p>ESTACIONAMIENTO: M\u00ednimo 50 d\u00edas<\/p>\n","protected":false},"featured_media":9671,"comment_status":"closed","ping_status":"closed","template":"","meta":{"_acf_changed":false,"inline_featured_image":false},"product_brand":[],"product_cat":[373,599],"product_tag":[],"class_list":{"0":"post-10703","1":"product","2":"type-product","3":"status-publish","4":"has-post-thumbnail","6":"product_cat-pagina-de-inicio-destacada","7":"product_cat-quesos","8":"pa_brand-arrigoni-es","9":"pa_nazionalita-italia-es","10":"pa_tipologia-producto-d-o-p","11":"pa_tipologia-queso-curado","12":"pa_tipologia-queso-gorgonzola-dulce","14":"first","15":"instock","16":"shipping-taxable","17":"product-type-simple"},"acf":[],"_links":{"self":[{"href":"https:\/\/ingredients.saccosystem.com\/es\/wp-json\/wp\/v2\/product\/10703","targetHints":{"allow":["GET"]}}],"collection":[{"href":"https:\/\/ingredients.saccosystem.com\/es\/wp-json\/wp\/v2\/product"}],"about":[{"href":"https:\/\/ingredients.saccosystem.com\/es\/wp-json\/wp\/v2\/types\/product"}],"replies":[{"embeddable":true,"href":"https:\/\/ingredients.saccosystem.com\/es\/wp-json\/wp\/v2\/comments?post=10703"}],"wp:featuredmedia":[{"embeddable":true,"href":"https:\/\/ingredients.saccosystem.com\/es\/wp-json\/wp\/v2\/media\/9671"}],"wp:attachment":[{"href":"https:\/\/ingredients.saccosystem.com\/es\/wp-json\/wp\/v2\/media?parent=10703"}],"wp:term":[{"taxonomy":"product_brand","embeddable":true,"href":"https:\/\/ingredients.saccosystem.com\/es\/wp-json\/wp\/v2\/product_brand?post=10703"},{"taxonomy":"product_cat","embeddable":true,"href":"https:\/\/ingredients.saccosystem.com\/es\/wp-json\/wp\/v2\/product_cat?post=10703"},{"taxonomy":"product_tag","embeddable":true,"href":"https:\/\/ingredients.saccosystem.com\/es\/wp-json\/wp\/v2\/product_tag?post=10703"}],"curies":[{"name":"wp","href":"https:\/\/api.w.org\/{rel}","templated":true}]}}