{"id":10705,"date":"2023-11-24T11:11:10","date_gmt":"2023-11-24T10:11:10","guid":{"rendered":"https:\/\/ingredients.saccosystem.com\/prodotto\/valtellina-casera-dop-pedranzini\/"},"modified":"2024-06-26T15:17:19","modified_gmt":"2024-06-26T13:17:19","slug":"valtellina-casera-dop-pedranzini","status":"publish","type":"product","link":"https:\/\/ingredients.saccosystem.com\/es\/prodotto\/valtellina-casera-dop-pedranzini\/","title":{"rendered":"Valtellina Casera DOP Pedranzini"},"content":{"rendered":"","protected":false},"excerpt":{"rendered":"<p>Queso de media curaci\u00f3n y dureza media.<\/p>\n<p>Queso semigraso elaborado con un 30% de leche desnatada y un 70% de leche entera, seg\u00fan un estricto pliego de condiciones de producci\u00f3n que lo convierte en uno de los productos italianos de origen protegido m\u00e1s conocidos.<\/p>\n","protected":false},"featured_media":9707,"comment_status":"closed","ping_status":"closed","template":"","meta":{"_acf_changed":false,"inline_featured_image":false},"product_brand":[],"product_cat":[599],"product_tag":[],"class_list":{"0":"post-10705","1":"product","2":"type-product","3":"status-publish","4":"has-post-thumbnail","6":"product_cat-quesos","7":"pa_brand-caseificio-pedranzini-es","8":"pa_nazionalita-italia-es","9":"pa_tipologia-producto-d-o-p","10":"pa_tipologia-queso-curado","12":"first","13":"instock","14":"shipping-taxable","15":"product-type-simple"},"acf":[],"_links":{"self":[{"href":"https:\/\/ingredients.saccosystem.com\/es\/wp-json\/wp\/v2\/product\/10705","targetHints":{"allow":["GET"]}}],"collection":[{"href":"https:\/\/ingredients.saccosystem.com\/es\/wp-json\/wp\/v2\/product"}],"about":[{"href":"https:\/\/ingredients.saccosystem.com\/es\/wp-json\/wp\/v2\/types\/product"}],"replies":[{"embeddable":true,"href":"https:\/\/ingredients.saccosystem.com\/es\/wp-json\/wp\/v2\/comments?post=10705"}],"wp:featuredmedia":[{"embeddable":true,"href":"https:\/\/ingredients.saccosystem.com\/es\/wp-json\/wp\/v2\/media\/9707"}],"wp:attachment":[{"href":"https:\/\/ingredients.saccosystem.com\/es\/wp-json\/wp\/v2\/media?parent=10705"}],"wp:term":[{"taxonomy":"product_brand","embeddable":true,"href":"https:\/\/ingredients.saccosystem.com\/es\/wp-json\/wp\/v2\/product_brand?post=10705"},{"taxonomy":"product_cat","embeddable":true,"href":"https:\/\/ingredients.saccosystem.com\/es\/wp-json\/wp\/v2\/product_cat?post=10705"},{"taxonomy":"product_tag","embeddable":true,"href":"https:\/\/ingredients.saccosystem.com\/es\/wp-json\/wp\/v2\/product_tag?post=10705"}],"curies":[{"name":"wp","href":"https:\/\/api.w.org\/{rel}","templated":true}]}}