{"id":10708,"date":"2023-11-24T12:39:14","date_gmt":"2023-11-24T11:39:14","guid":{"rendered":"https:\/\/ingredients.saccosystem.com\/prodotto\/mozzarella-koliba\/"},"modified":"2024-01-29T09:04:16","modified_gmt":"2024-01-29T08:04:16","slug":"mozzarella-koliba","status":"publish","type":"product","link":"https:\/\/ingredients.saccosystem.com\/es\/prodotto\/mozzarella-koliba\/","title":{"rendered":"Mozzarella Koliba"},"content":{"rendered":"","protected":false},"excerpt":{"rendered":"<p>La mozzarella Koliba es un queso de pasta blanda, entera y sin madurar. La mozzarella es una excelente opci\u00f3n para la pizza o los platos al horno, pero tambi\u00e9n combina bien con una ensalada de hojas frescas o con tomate y albahaca en una cl\u00e1sica ensalada Caprese.<\/p>\n","protected":false},"featured_media":9713,"comment_status":"closed","ping_status":"closed","template":"","meta":{"_acf_changed":false,"inline_featured_image":false},"product_brand":[],"product_cat":[599],"product_tag":[],"class_list":{"0":"post-10708","1":"product","2":"type-product","3":"status-publish","4":"has-post-thumbnail","6":"product_cat-quesos","7":"pa_brand-koliba-es","8":"pa_nazionalita-eslovaquia","9":"pa_tipologia-queso-fresco","10":"pa_tipologia-queso-semiduro","12":"first","13":"instock","14":"shipping-taxable","15":"product-type-simple"},"acf":[],"_links":{"self":[{"href":"https:\/\/ingredients.saccosystem.com\/es\/wp-json\/wp\/v2\/product\/10708","targetHints":{"allow":["GET"]}}],"collection":[{"href":"https:\/\/ingredients.saccosystem.com\/es\/wp-json\/wp\/v2\/product"}],"about":[{"href":"https:\/\/ingredients.saccosystem.com\/es\/wp-json\/wp\/v2\/types\/product"}],"replies":[{"embeddable":true,"href":"https:\/\/ingredients.saccosystem.com\/es\/wp-json\/wp\/v2\/comments?post=10708"}],"wp:featuredmedia":[{"embeddable":true,"href":"https:\/\/ingredients.saccosystem.com\/es\/wp-json\/wp\/v2\/media\/9713"}],"wp:attachment":[{"href":"https:\/\/ingredients.saccosystem.com\/es\/wp-json\/wp\/v2\/media?parent=10708"}],"wp:term":[{"taxonomy":"product_brand","embeddable":true,"href":"https:\/\/ingredients.saccosystem.com\/es\/wp-json\/wp\/v2\/product_brand?post=10708"},{"taxonomy":"product_cat","embeddable":true,"href":"https:\/\/ingredients.saccosystem.com\/es\/wp-json\/wp\/v2\/product_cat?post=10708"},{"taxonomy":"product_tag","embeddable":true,"href":"https:\/\/ingredients.saccosystem.com\/es\/wp-json\/wp\/v2\/product_tag?post=10708"}],"curies":[{"name":"wp","href":"https:\/\/api.w.org\/{rel}","templated":true}]}}