{"id":10721,"date":"2023-08-10T09:01:40","date_gmt":"2023-08-10T07:01:40","guid":{"rendered":"https:\/\/ingredients.saccosystem.com\/prodotto\/isis-4r-plus\/"},"modified":"2024-01-29T09:08:32","modified_gmt":"2024-01-29T08:08:32","slug":"iside-4r-plus","status":"publish","type":"product","link":"https:\/\/ingredients.saccosystem.com\/es\/prodotto\/iside-4r-plus\/","title":{"rendered":"Iside 4R Plus"},"content":{"rendered":"","protected":false},"excerpt":{"rendered":"<p>Suplemento diet\u00e9tico para el correcto equilibrio de la microbiota intestinal y urovaginal.<\/p>\n<p>Las 4 cepas probi\u00f3ticas diferentes que contiene Iside 4R Plus, con un total de <strong>10.000 millones de<\/strong> bacterias <strong>l\u00e1cticas<\/strong>, ayudan a mantener el equilibrio de la flora intestinal.<\/p>\n<p><strong>El folato<\/strong>, la <strong>vitamina D<\/strong>, la <strong>B6<\/strong> y la <strong>B12<\/strong> contribuyen al funcionamiento normal del sistema inmunitario.<\/p>\n<p>El<strong> folato<\/strong> y <strong>las vitaminas D<\/strong>, <strong>B2<\/strong>, <strong>B6<\/strong> y <strong>B12<\/strong> contribuyen al metabolismo energ\u00e9tico normal y a reducir el cansancio y la fatiga.<\/p>\n<p><strong>Bioecolians\u00ae<\/strong> es un alfa-glucano-oligosac\u00e1rido natural que constituye una fuente de sustento para los probi\u00f3ticos (fibra con efecto prebi\u00f3tico).<\/p>\n","protected":false},"featured_media":9143,"comment_status":"closed","ping_status":"closed","template":"","meta":{"_acf_changed":false,"inline_featured_image":false},"product_brand":[],"product_cat":[373,675],"product_tag":[],"class_list":{"0":"post-10721","1":"product","2":"type-product","3":"status-publish","4":"has-post-thumbnail","6":"product_cat-pagina-de-inicio-destacada","7":"product_cat-suplementos","8":"pa_brand-pizeta-pharma-es","9":"pa_nazionalita-italia-es","10":"pa_tipologia-probioticos-de-alta-calidad","12":"first","13":"instock","14":"shipping-taxable","15":"product-type-simple"},"acf":[],"_links":{"self":[{"href":"https:\/\/ingredients.saccosystem.com\/es\/wp-json\/wp\/v2\/product\/10721","targetHints":{"allow":["GET"]}}],"collection":[{"href":"https:\/\/ingredients.saccosystem.com\/es\/wp-json\/wp\/v2\/product"}],"about":[{"href":"https:\/\/ingredients.saccosystem.com\/es\/wp-json\/wp\/v2\/types\/product"}],"replies":[{"embeddable":true,"href":"https:\/\/ingredients.saccosystem.com\/es\/wp-json\/wp\/v2\/comments?post=10721"}],"wp:featuredmedia":[{"embeddable":true,"href":"https:\/\/ingredients.saccosystem.com\/es\/wp-json\/wp\/v2\/media\/9143"}],"wp:attachment":[{"href":"https:\/\/ingredients.saccosystem.com\/es\/wp-json\/wp\/v2\/media?parent=10721"}],"wp:term":[{"taxonomy":"product_brand","embeddable":true,"href":"https:\/\/ingredients.saccosystem.com\/es\/wp-json\/wp\/v2\/product_brand?post=10721"},{"taxonomy":"product_cat","embeddable":true,"href":"https:\/\/ingredients.saccosystem.com\/es\/wp-json\/wp\/v2\/product_cat?post=10721"},{"taxonomy":"product_tag","embeddable":true,"href":"https:\/\/ingredients.saccosystem.com\/es\/wp-json\/wp\/v2\/product_tag?post=10721"}],"curies":[{"name":"wp","href":"https:\/\/api.w.org\/{rel}","templated":true}]}}