{"id":10727,"date":"2023-08-09T10:04:56","date_gmt":"2023-08-09T08:04:56","guid":{"rendered":"https:\/\/ingredients.saccosystem.com\/prodotto\/canestrato-fresco-a-la-pimienta-negra\/"},"modified":"2024-07-16T12:56:27","modified_gmt":"2024-07-16T10:56:27","slug":"canestrato-fresco-a-la-pimienta-negra","status":"publish","type":"product","link":"https:\/\/ingredients.saccosystem.com\/es\/prodotto\/canestrato-fresco-a-la-pimienta-negra\/","title":{"rendered":"Canestrato Fresco a la Pimienta Negra"},"content":{"rendered":"","protected":false},"excerpt":{"rendered":"<p>Un <strong>queso<\/strong> blando <strong>t\u00edpicamente siciliano<\/strong>, elaborado con leche de oveja y vaca, enriquecido con el intenso sabor de la pimienta negra.<\/p>\n<p>El canestrato debe su nombre a los cestos utilizados para darle forma, cuyas estr\u00edas a\u00fan pueden verse en la superficie. El <strong>corto periodo de maduraci\u00f3n confiere al canestrato siciliano un sabor dulce y l\u00e1ctico<\/strong> y una textura suave, mientras que los granos de pimienta negra le aportan una intensa nota picante.<\/p>\n","protected":false},"featured_media":9049,"comment_status":"closed","ping_status":"closed","template":"","meta":{"_acf_changed":false,"inline_featured_image":false},"product_brand":[],"product_cat":[599],"product_tag":[],"class_list":{"0":"post-10727","1":"product","2":"type-product","3":"status-publish","4":"has-post-thumbnail","6":"product_cat-quesos","7":"pa_brand-caseificio-la-cava","8":"pa_nazionalita-italia-es","9":"pa_tipologia-canestrato-es","10":"pa_tipologia-queso-curado","12":"first","13":"instock","14":"shipping-taxable","15":"product-type-simple"},"acf":[],"_links":{"self":[{"href":"https:\/\/ingredients.saccosystem.com\/es\/wp-json\/wp\/v2\/product\/10727","targetHints":{"allow":["GET"]}}],"collection":[{"href":"https:\/\/ingredients.saccosystem.com\/es\/wp-json\/wp\/v2\/product"}],"about":[{"href":"https:\/\/ingredients.saccosystem.com\/es\/wp-json\/wp\/v2\/types\/product"}],"replies":[{"embeddable":true,"href":"https:\/\/ingredients.saccosystem.com\/es\/wp-json\/wp\/v2\/comments?post=10727"}],"wp:featuredmedia":[{"embeddable":true,"href":"https:\/\/ingredients.saccosystem.com\/es\/wp-json\/wp\/v2\/media\/9049"}],"wp:attachment":[{"href":"https:\/\/ingredients.saccosystem.com\/es\/wp-json\/wp\/v2\/media?parent=10727"}],"wp:term":[{"taxonomy":"product_brand","embeddable":true,"href":"https:\/\/ingredients.saccosystem.com\/es\/wp-json\/wp\/v2\/product_brand?post=10727"},{"taxonomy":"product_cat","embeddable":true,"href":"https:\/\/ingredients.saccosystem.com\/es\/wp-json\/wp\/v2\/product_cat?post=10727"},{"taxonomy":"product_tag","embeddable":true,"href":"https:\/\/ingredients.saccosystem.com\/es\/wp-json\/wp\/v2\/product_tag?post=10727"}],"curies":[{"name":"wp","href":"https:\/\/api.w.org\/{rel}","templated":true}]}}