{"id":11718,"date":"2024-06-26T17:00:24","date_gmt":"2024-06-26T15:00:24","guid":{"rendered":"https:\/\/ingredients.saccosystem.com\/?post_type=product&#038;p=11718"},"modified":"2024-07-12T16:39:05","modified_gmt":"2024-07-12T14:39:05","slug":"grana-padano-dop-ca-de-stefani-copia","status":"publish","type":"product","link":"https:\/\/ingredients.saccosystem.com\/es\/prodotto\/grana-padano-dop-ca-de-stefani-copia\/","title":{"rendered":"Pecorino Maturo DOP Serra"},"content":{"rendered":"","protected":false},"excerpt":{"rendered":"<div class=\"vc_row wpb_row vc_row-fluid\">\n<div class=\"wpb_column vc_column_container vc_col-sm-12\">\n<div class=\"vc_column-inner vc_custom_1484828983369\">\n<div class=\"wpb_wrapper\">\n<div class=\"wpb_text_column wpb_content_element\">\n<div class=\"wpb_wrapper\">\n<div class=\"dynamic-col-1\">\n<p>Un queso pecorino duro, sabroso y arom\u00e1tico desde los primeros meses de maduraci\u00f3n, con un sabor fuerte e intenso a medida que madura. Tiene forma cil\u00edndrica con bandas lisas de color pajizo.<\/p>\n<p>Queso madurado un m\u00ednimo de 8 meses.<\/p>\n<\/div>\n<\/div>\n<\/div>\n<\/div>\n<\/div>\n<\/div>\n<\/div>\n","protected":false},"featured_media":11724,"comment_status":"closed","ping_status":"closed","template":"","meta":{"_acf_changed":false,"inline_featured_image":false},"product_brand":[],"product_cat":[599],"product_tag":[],"class_list":{"0":"post-11718","1":"product","2":"type-product","3":"status-publish","4":"has-post-thumbnail","6":"product_cat-quesos","7":"pa_brand-caseificio-serra","8":"pa_nazionalita-italia-es","9":"pa_tipologia-producto-d-o-p","10":"pa_tipologia-queso-curado","11":"pa_tipologia-queso-pecorino","13":"first","14":"instock","15":"shipping-taxable","16":"product-type-simple"},"acf":[],"_links":{"self":[{"href":"https:\/\/ingredients.saccosystem.com\/es\/wp-json\/wp\/v2\/product\/11718","targetHints":{"allow":["GET"]}}],"collection":[{"href":"https:\/\/ingredients.saccosystem.com\/es\/wp-json\/wp\/v2\/product"}],"about":[{"href":"https:\/\/ingredients.saccosystem.com\/es\/wp-json\/wp\/v2\/types\/product"}],"replies":[{"embeddable":true,"href":"https:\/\/ingredients.saccosystem.com\/es\/wp-json\/wp\/v2\/comments?post=11718"}],"wp:featuredmedia":[{"embeddable":true,"href":"https:\/\/ingredients.saccosystem.com\/es\/wp-json\/wp\/v2\/media\/11724"}],"wp:attachment":[{"href":"https:\/\/ingredients.saccosystem.com\/es\/wp-json\/wp\/v2\/media?parent=11718"}],"wp:term":[{"taxonomy":"product_brand","embeddable":true,"href":"https:\/\/ingredients.saccosystem.com\/es\/wp-json\/wp\/v2\/product_brand?post=11718"},{"taxonomy":"product_cat","embeddable":true,"href":"https:\/\/ingredients.saccosystem.com\/es\/wp-json\/wp\/v2\/product_cat?post=11718"},{"taxonomy":"product_tag","embeddable":true,"href":"https:\/\/ingredients.saccosystem.com\/es\/wp-json\/wp\/v2\/product_tag?post=11718"}],"curies":[{"name":"wp","href":"https:\/\/api.w.org\/{rel}","templated":true}]}}