{"id":11794,"date":"2024-07-29T09:59:11","date_gmt":"2024-07-29T07:59:11","guid":{"rendered":"https:\/\/ingredients.saccosystem.com\/?post_type=product&#038;p=11794"},"modified":"2024-07-29T11:52:02","modified_gmt":"2024-07-29T09:52:02","slug":"synbiocioc","status":"publish","type":"product","link":"https:\/\/ingredients.saccosystem.com\/es\/prodotto\/synbiocioc\/","title":{"rendered":"SYNBIOCIOC"},"content":{"rendered":"","protected":false},"excerpt":{"rendered":"<div class=\"wpb_text_column wpb_content_element \">\n<div class=\"wpb_wrapper\">\n<header class=\"tm-vc_cta3-content-header tm-wrap\">\n<div class=\"tm-vc_cta3-headers tm-wrap-cell\">\n<h3><b>Barrita de chocolate con probi\u00f3ticos<\/b><\/h3>\n<\/div>\n<p class=\"heading-seperator\">Es una barrita de chocolate con probi\u00f3ticos, granos de avellana, eritritol y prote\u00edna de guisante, ideal para mantener tu figura y cuidar tu forma f\u00edsica y tu salud. La funcionalidad beneficiosa, nutrac\u00e9utica y superalimentaria de la barrita se ve reforzada por la adici\u00f3n de los probi\u00f3ticos patentados <b>SYNBIO\u00ae (<\/b><b><i>Lacticaseibacillus rhamnosus <\/i><\/b><b>IMC 501\u00ae y <\/b><b><i>Lacticaseibacillus paracasei<\/i><\/b> IMC <b> 502\u00ae) <\/b>que mejoran el equilibrio de la microflora intestinal y refuerzan el sistema inmunitario, aportando bienestar al organismo.<\/p>\n<\/header>\n<\/div>\n<\/div>\n","protected":false},"featured_media":11798,"comment_status":"closed","ping_status":"closed","template":"","meta":{"_acf_changed":false,"inline_featured_image":false},"product_brand":[],"product_cat":[371,470,675],"product_tag":[],"class_list":{"0":"post-11794","1":"product","2":"type-product","3":"status-publish","4":"has-post-thumbnail","6":"product_cat-delicias-de-temporada","7":"product_cat-los-favoritos-de-los-embajadores","8":"product_cat-suplementos","9":"pa_brand-synbiotec","10":"pa_nazionalita-italia-es","11":"pa_tipologia-probioticos-de-alta-calidad","13":"first","14":"instock","15":"shipping-taxable","16":"product-type-simple"},"acf":[],"_links":{"self":[{"href":"https:\/\/ingredients.saccosystem.com\/es\/wp-json\/wp\/v2\/product\/11794","targetHints":{"allow":["GET"]}}],"collection":[{"href":"https:\/\/ingredients.saccosystem.com\/es\/wp-json\/wp\/v2\/product"}],"about":[{"href":"https:\/\/ingredients.saccosystem.com\/es\/wp-json\/wp\/v2\/types\/product"}],"replies":[{"embeddable":true,"href":"https:\/\/ingredients.saccosystem.com\/es\/wp-json\/wp\/v2\/comments?post=11794"}],"wp:featuredmedia":[{"embeddable":true,"href":"https:\/\/ingredients.saccosystem.com\/es\/wp-json\/wp\/v2\/media\/11798"}],"wp:attachment":[{"href":"https:\/\/ingredients.saccosystem.com\/es\/wp-json\/wp\/v2\/media?parent=11794"}],"wp:term":[{"taxonomy":"product_brand","embeddable":true,"href":"https:\/\/ingredients.saccosystem.com\/es\/wp-json\/wp\/v2\/product_brand?post=11794"},{"taxonomy":"product_cat","embeddable":true,"href":"https:\/\/ingredients.saccosystem.com\/es\/wp-json\/wp\/v2\/product_cat?post=11794"},{"taxonomy":"product_tag","embeddable":true,"href":"https:\/\/ingredients.saccosystem.com\/es\/wp-json\/wp\/v2\/product_tag?post=11794"}],"curies":[{"name":"wp","href":"https:\/\/api.w.org\/{rel}","templated":true}]}}