{"id":11804,"date":"2024-07-29T11:28:04","date_gmt":"2024-07-29T09:28:04","guid":{"rendered":"https:\/\/ingredients.saccosystem.com\/?post_type=product&#038;p=11804"},"modified":"2024-07-29T11:57:32","modified_gmt":"2024-07-29T09:57:32","slug":"synbioc-copia","status":"publish","type":"product","link":"https:\/\/ingredients.saccosystem.com\/es\/prodotto\/synbioc-copia\/","title":{"rendered":"SINBION"},"content":{"rendered":"","protected":false},"excerpt":{"rendered":"<div class=\"wpb_text_column wpb_content_element \">\n<div class=\"wpb_wrapper\">\n<header class=\"tm-vc_cta3-content-header tm-wrap\">\n<div class=\"tm-vc_cta3-headers tm-wrap-cell\">\n<h4 class=\"tm-custom-heading \">Barrita energ\u00e9tica con probi\u00f3ticos y extracto de sa\u00faco<\/h4>\n<p><b>SynbiON<\/b> representa una formulaci\u00f3n innovadora dise\u00f1ada espec\u00edficamente para el bienestar intestinal.<br \/>\nLa combinaci\u00f3n de <b>probi\u00f3ticos<\/b><b>SYNBIO\u00ae <\/b><i>(Lacticaseibacillus rhamnosus <\/i>IMC 501\u00ae y <i>Lacticaseibacillus paracasei <\/i>IMC 502\u00ae) junto con <b>extracto de sa\u00faco <\/b>y <b>prote\u00edna de guisante<\/b> potencia tanto la inhibici\u00f3n de bacterias pat\u00f3genas como el efecto antioxidante proporcionado por los flavonoides del sa\u00faco.<br \/>\nEl aporte proteico proporcionado por la prote\u00edna de guisante ofrece un excelente perfil nutricional y de amino\u00e1cidos.    <\/div>\n<\/header>\n<\/div>\n<\/div>\n","protected":false},"featured_media":11807,"comment_status":"closed","ping_status":"closed","template":"","meta":{"_acf_changed":false,"inline_featured_image":false},"product_brand":[],"product_cat":[675],"product_tag":[],"class_list":{"0":"post-11804","1":"product","2":"type-product","3":"status-publish","4":"has-post-thumbnail","6":"product_cat-suplementos","7":"pa_brand-synbiotec","8":"pa_nazionalita-italia-es","9":"pa_tipologia-probioticos-de-alta-calidad","11":"first","12":"instock","13":"shipping-taxable","14":"product-type-simple"},"acf":[],"_links":{"self":[{"href":"https:\/\/ingredients.saccosystem.com\/es\/wp-json\/wp\/v2\/product\/11804","targetHints":{"allow":["GET"]}}],"collection":[{"href":"https:\/\/ingredients.saccosystem.com\/es\/wp-json\/wp\/v2\/product"}],"about":[{"href":"https:\/\/ingredients.saccosystem.com\/es\/wp-json\/wp\/v2\/types\/product"}],"replies":[{"embeddable":true,"href":"https:\/\/ingredients.saccosystem.com\/es\/wp-json\/wp\/v2\/comments?post=11804"}],"wp:featuredmedia":[{"embeddable":true,"href":"https:\/\/ingredients.saccosystem.com\/es\/wp-json\/wp\/v2\/media\/11807"}],"wp:attachment":[{"href":"https:\/\/ingredients.saccosystem.com\/es\/wp-json\/wp\/v2\/media?parent=11804"}],"wp:term":[{"taxonomy":"product_brand","embeddable":true,"href":"https:\/\/ingredients.saccosystem.com\/es\/wp-json\/wp\/v2\/product_brand?post=11804"},{"taxonomy":"product_cat","embeddable":true,"href":"https:\/\/ingredients.saccosystem.com\/es\/wp-json\/wp\/v2\/product_cat?post=11804"},{"taxonomy":"product_tag","embeddable":true,"href":"https:\/\/ingredients.saccosystem.com\/es\/wp-json\/wp\/v2\/product_tag?post=11804"}],"curies":[{"name":"wp","href":"https:\/\/api.w.org\/{rel}","templated":true}]}}