{"id":11827,"date":"2024-10-04T14:37:15","date_gmt":"2024-10-04T12:37:15","guid":{"rendered":"https:\/\/ingredients.saccosystem.com\/?post_type=product&#038;p=11827"},"modified":"2024-10-04T14:51:37","modified_gmt":"2024-10-04T12:51:37","slug":"camembert-de-bufala-3b-leche-copia","status":"publish","type":"product","link":"https:\/\/ingredients.saccosystem.com\/es\/prodotto\/camembert-de-bufala-3b-leche-copia\/","title":{"rendered":"Brigante Pinna"},"content":{"rendered":"","protected":false},"excerpt":{"rendered":"<p><em>El Brigante<\/em> es el queso fresco de oveja sardo m\u00e1s apreciado de Italia, elaborado con leche entera y listo en s\u00f3lo 20-25 d\u00edas.<br \/>\nSu pasta suave y cremosa, con un delicado aroma l\u00e1cteo, va acompa\u00f1ada de una corteza ligera y protegida.<br \/>\nEquilibrado y sabroso, es perfecto para aperitivos, bocadillos o platos m\u00e1s elaborados, llevando a la mesa cada d\u00eda el aut\u00e9ntico sabor de Cerde\u00f1a.  <\/p>\n","protected":false},"featured_media":11831,"comment_status":"closed","ping_status":"closed","template":"","meta":{"_acf_changed":false,"inline_featured_image":false},"product_brand":[],"product_cat":[371,372,599],"product_tag":[],"class_list":{"0":"post-11827","1":"product","2":"type-product","3":"status-publish","4":"has-post-thumbnail","6":"product_cat-delicias-de-temporada","7":"product_cat-imprescindible","8":"product_cat-quesos","9":"pa_brand-f-lli-pinna-industria-casearia-es","10":"pa_nazionalita-italia-es","11":"pa_tipologia-queso-con-leche-de-oveja","13":"first","14":"instock","15":"shipping-taxable","16":"product-type-simple"},"acf":[],"_links":{"self":[{"href":"https:\/\/ingredients.saccosystem.com\/es\/wp-json\/wp\/v2\/product\/11827","targetHints":{"allow":["GET"]}}],"collection":[{"href":"https:\/\/ingredients.saccosystem.com\/es\/wp-json\/wp\/v2\/product"}],"about":[{"href":"https:\/\/ingredients.saccosystem.com\/es\/wp-json\/wp\/v2\/types\/product"}],"replies":[{"embeddable":true,"href":"https:\/\/ingredients.saccosystem.com\/es\/wp-json\/wp\/v2\/comments?post=11827"}],"wp:featuredmedia":[{"embeddable":true,"href":"https:\/\/ingredients.saccosystem.com\/es\/wp-json\/wp\/v2\/media\/11831"}],"wp:attachment":[{"href":"https:\/\/ingredients.saccosystem.com\/es\/wp-json\/wp\/v2\/media?parent=11827"}],"wp:term":[{"taxonomy":"product_brand","embeddable":true,"href":"https:\/\/ingredients.saccosystem.com\/es\/wp-json\/wp\/v2\/product_brand?post=11827"},{"taxonomy":"product_cat","embeddable":true,"href":"https:\/\/ingredients.saccosystem.com\/es\/wp-json\/wp\/v2\/product_cat?post=11827"},{"taxonomy":"product_tag","embeddable":true,"href":"https:\/\/ingredients.saccosystem.com\/es\/wp-json\/wp\/v2\/product_tag?post=11827"}],"curies":[{"name":"wp","href":"https:\/\/api.w.org\/{rel}","templated":true}]}}