{"id":11845,"date":"2024-10-04T15:53:41","date_gmt":"2024-10-04T13:53:41","guid":{"rendered":"https:\/\/ingredients.saccosystem.com\/?post_type=product&#038;p=11845"},"modified":"2024-10-09T14:28:43","modified_gmt":"2024-10-09T12:28:43","slug":"brigante-pinna-sin-lactosa","status":"publish","type":"product","link":"https:\/\/ingredients.saccosystem.com\/es\/prodotto\/brigante-pinna-sin-lactosa\/","title":{"rendered":"Brigante Pinna sin lactosa"},"content":{"rendered":"","protected":false},"excerpt":{"rendered":"<p>La versi\u00f3n sin lactosa del queso de oveja m\u00e1s apreciado de Italia conserva todo el sabor y la frescura del cl\u00e1sico <em>Brigante<\/em>.<br \/>\nElaborado con leche entera y listo en s\u00f3lo 20-25 d\u00edas, conserva su sabor equilibrado y la suavidad de la pasta de color crema.<br \/>\nGracias a una enzima que transforma la lactosa, el queso sigue siendo rico en aroma y sabor.<br \/>\nPerfecto para disfrutarlo solo o para enriquecer bocadillos, ensaladas y recetas, ofrece toda la bondad de la leche de oveja con la delicadeza de un corto periodo de maduraci\u00f3n.<\/p>\n","protected":false},"featured_media":11854,"comment_status":"closed","ping_status":"closed","template":"","meta":{"_acf_changed":false,"inline_featured_image":false},"product_brand":[],"product_cat":[599],"product_tag":[],"class_list":{"0":"post-11845","1":"product","2":"type-product","3":"status-publish","4":"has-post-thumbnail","6":"product_cat-quesos","7":"pa_brand-f-lli-pinna-industria-casearia-es","8":"pa_nazionalita-italia-es","9":"pa_tipologia-producto-sin-lactosa","10":"pa_tipologia-queso-con-leche-de-oveja","12":"first","13":"instock","14":"shipping-taxable","15":"product-type-simple"},"acf":[],"_links":{"self":[{"href":"https:\/\/ingredients.saccosystem.com\/es\/wp-json\/wp\/v2\/product\/11845","targetHints":{"allow":["GET"]}}],"collection":[{"href":"https:\/\/ingredients.saccosystem.com\/es\/wp-json\/wp\/v2\/product"}],"about":[{"href":"https:\/\/ingredients.saccosystem.com\/es\/wp-json\/wp\/v2\/types\/product"}],"replies":[{"embeddable":true,"href":"https:\/\/ingredients.saccosystem.com\/es\/wp-json\/wp\/v2\/comments?post=11845"}],"wp:featuredmedia":[{"embeddable":true,"href":"https:\/\/ingredients.saccosystem.com\/es\/wp-json\/wp\/v2\/media\/11854"}],"wp:attachment":[{"href":"https:\/\/ingredients.saccosystem.com\/es\/wp-json\/wp\/v2\/media?parent=11845"}],"wp:term":[{"taxonomy":"product_brand","embeddable":true,"href":"https:\/\/ingredients.saccosystem.com\/es\/wp-json\/wp\/v2\/product_brand?post=11845"},{"taxonomy":"product_cat","embeddable":true,"href":"https:\/\/ingredients.saccosystem.com\/es\/wp-json\/wp\/v2\/product_cat?post=11845"},{"taxonomy":"product_tag","embeddable":true,"href":"https:\/\/ingredients.saccosystem.com\/es\/wp-json\/wp\/v2\/product_tag?post=11845"}],"curies":[{"name":"wp","href":"https:\/\/api.w.org\/{rel}","templated":true}]}}