{"id":11956,"date":"2024-11-20T17:29:09","date_gmt":"2024-11-20T16:29:09","guid":{"rendered":"https:\/\/ingredients.saccosystem.com\/?post_type=product&#038;p=11956"},"modified":"2024-11-21T09:06:32","modified_gmt":"2024-11-21T08:06:32","slug":"yogur-natural-de-montana-muuh-copia","status":"publish","type":"product","link":"https:\/\/ingredients.saccosystem.com\/es\/prodotto\/yogur-natural-de-montana-muuh-copia\/","title":{"rendered":"Yogur de Casta\u00f1as de Monta\u00f1a, Muuh"},"content":{"rendered":"","protected":false},"excerpt":{"rendered":"<p>Receta preparada con los deliciosos Marrons-Glac\u00e8 de S.Vanini SA de Rivera. Las vacas, que seg\u00fan la estaci\u00f3n pastan hierba fresca o se alimentan con heno conservado seg\u00fan la antigua tradici\u00f3n campesina, son la preciada fuente de la buena leche con la que se elabora este aut\u00e9ntico yogur.<\/p>\n","protected":false},"featured_media":11959,"comment_status":"closed","ping_status":"closed","template":"","meta":{"_acf_changed":false,"inline_featured_image":false},"product_brand":[],"product_cat":[483],"product_tag":[],"class_list":{"0":"post-11956","1":"product","2":"type-product","3":"status-publish","4":"has-post-thumbnail","6":"product_cat-yogur","7":"pa_brand-muuh-agroval-sa-es","8":"pa_nazionalita-suiza","9":"pa_tipologia-yogur-colado","11":"first","12":"instock","13":"shipping-taxable","14":"product-type-simple"},"acf":[],"_links":{"self":[{"href":"https:\/\/ingredients.saccosystem.com\/es\/wp-json\/wp\/v2\/product\/11956","targetHints":{"allow":["GET"]}}],"collection":[{"href":"https:\/\/ingredients.saccosystem.com\/es\/wp-json\/wp\/v2\/product"}],"about":[{"href":"https:\/\/ingredients.saccosystem.com\/es\/wp-json\/wp\/v2\/types\/product"}],"replies":[{"embeddable":true,"href":"https:\/\/ingredients.saccosystem.com\/es\/wp-json\/wp\/v2\/comments?post=11956"}],"wp:featuredmedia":[{"embeddable":true,"href":"https:\/\/ingredients.saccosystem.com\/es\/wp-json\/wp\/v2\/media\/11959"}],"wp:attachment":[{"href":"https:\/\/ingredients.saccosystem.com\/es\/wp-json\/wp\/v2\/media?parent=11956"}],"wp:term":[{"taxonomy":"product_brand","embeddable":true,"href":"https:\/\/ingredients.saccosystem.com\/es\/wp-json\/wp\/v2\/product_brand?post=11956"},{"taxonomy":"product_cat","embeddable":true,"href":"https:\/\/ingredients.saccosystem.com\/es\/wp-json\/wp\/v2\/product_cat?post=11956"},{"taxonomy":"product_tag","embeddable":true,"href":"https:\/\/ingredients.saccosystem.com\/es\/wp-json\/wp\/v2\/product_tag?post=11956"}],"curies":[{"name":"wp","href":"https:\/\/api.w.org\/{rel}","templated":true}]}}