{"id":12444,"date":"2025-06-06T13:23:29","date_gmt":"2025-06-06T11:23:29","guid":{"rendered":"https:\/\/ingredients.saccosystem.com\/?post_type=product&#038;p=12444"},"modified":"2025-06-09T10:29:31","modified_gmt":"2025-06-09T08:29:31","slug":"brigante-pinna-sin-lactosa-copia","status":"publish","type":"product","link":"https:\/\/ingredients.saccosystem.com\/es\/prodotto\/brigante-pinna-sin-lactosa-copia\/","title":{"rendered":"Chihuahua cebolla chile"},"content":{"rendered":"","protected":false},"excerpt":{"rendered":"<p>El queso Chihuahua es un queso fresco, blando y prensado de M\u00e9xico, obtenido por coagulaci\u00f3n enzim\u00e1tica. Se elabora con leche entera pasteurizada de vaca Holstein.<\/p>\n","protected":false},"featured_media":12448,"comment_status":"closed","ping_status":"closed","template":"","meta":{"_acf_changed":false,"inline_featured_image":false},"product_brand":[],"product_cat":[599],"product_tag":[],"class_list":{"0":"post-12444","1":"product","2":"type-product","3":"status-publish","4":"has-post-thumbnail","6":"product_cat-quesos","7":"pa_brand-cava-bocanegra-es","8":"pa_nazionalita-mexico-es","9":"pa_tipologia-queso-fresco","11":"first","12":"instock","13":"shipping-taxable","14":"product-type-simple"},"acf":[],"_links":{"self":[{"href":"https:\/\/ingredients.saccosystem.com\/es\/wp-json\/wp\/v2\/product\/12444","targetHints":{"allow":["GET"]}}],"collection":[{"href":"https:\/\/ingredients.saccosystem.com\/es\/wp-json\/wp\/v2\/product"}],"about":[{"href":"https:\/\/ingredients.saccosystem.com\/es\/wp-json\/wp\/v2\/types\/product"}],"replies":[{"embeddable":true,"href":"https:\/\/ingredients.saccosystem.com\/es\/wp-json\/wp\/v2\/comments?post=12444"}],"wp:featuredmedia":[{"embeddable":true,"href":"https:\/\/ingredients.saccosystem.com\/es\/wp-json\/wp\/v2\/media\/12448"}],"wp:attachment":[{"href":"https:\/\/ingredients.saccosystem.com\/es\/wp-json\/wp\/v2\/media?parent=12444"}],"wp:term":[{"taxonomy":"product_brand","embeddable":true,"href":"https:\/\/ingredients.saccosystem.com\/es\/wp-json\/wp\/v2\/product_brand?post=12444"},{"taxonomy":"product_cat","embeddable":true,"href":"https:\/\/ingredients.saccosystem.com\/es\/wp-json\/wp\/v2\/product_cat?post=12444"},{"taxonomy":"product_tag","embeddable":true,"href":"https:\/\/ingredients.saccosystem.com\/es\/wp-json\/wp\/v2\/product_tag?post=12444"}],"curies":[{"name":"wp","href":"https:\/\/api.w.org\/{rel}","templated":true}]}}