{"id":12457,"date":"2025-06-06T14:06:22","date_gmt":"2025-06-06T12:06:22","guid":{"rendered":"https:\/\/ingredients.saccosystem.com\/?post_type=product&#038;p=12457"},"modified":"2025-06-09T10:26:10","modified_gmt":"2025-06-09T08:26:10","slug":"brigante-pinna-sin-lactosa-copia-copia","status":"publish","type":"product","link":"https:\/\/ingredients.saccosystem.com\/es\/prodotto\/brigante-pinna-sin-lactosa-copia-copia\/","title":{"rendered":"Tr\u00e1pola Mostaza"},"content":{"rendered":"","protected":false},"excerpt":{"rendered":"<p>El queso Tr\u00e1pola es un queso curado creado por N\u00e9ole. Es de pasta prensada, de maduraci\u00f3n corta y tiene una cuajada lavada, similar a la de los quesos holandeses. Se elabora con leche entera pasteurizada de vaca Holstein.<\/p>\n","protected":false},"featured_media":12460,"comment_status":"closed","ping_status":"closed","template":"","meta":{"_acf_changed":false,"inline_featured_image":false},"product_brand":[],"product_cat":[599],"product_tag":[],"class_list":{"0":"post-12457","1":"product","2":"type-product","3":"status-publish","4":"has-post-thumbnail","6":"product_cat-quesos","7":"pa_brand-cava-bocanegra-es","8":"pa_nazionalita-mexico-es","9":"pa_tipologia-queso-curado","11":"first","12":"instock","13":"shipping-taxable","14":"product-type-simple"},"acf":[],"_links":{"self":[{"href":"https:\/\/ingredients.saccosystem.com\/es\/wp-json\/wp\/v2\/product\/12457","targetHints":{"allow":["GET"]}}],"collection":[{"href":"https:\/\/ingredients.saccosystem.com\/es\/wp-json\/wp\/v2\/product"}],"about":[{"href":"https:\/\/ingredients.saccosystem.com\/es\/wp-json\/wp\/v2\/types\/product"}],"replies":[{"embeddable":true,"href":"https:\/\/ingredients.saccosystem.com\/es\/wp-json\/wp\/v2\/comments?post=12457"}],"wp:featuredmedia":[{"embeddable":true,"href":"https:\/\/ingredients.saccosystem.com\/es\/wp-json\/wp\/v2\/media\/12460"}],"wp:attachment":[{"href":"https:\/\/ingredients.saccosystem.com\/es\/wp-json\/wp\/v2\/media?parent=12457"}],"wp:term":[{"taxonomy":"product_brand","embeddable":true,"href":"https:\/\/ingredients.saccosystem.com\/es\/wp-json\/wp\/v2\/product_brand?post=12457"},{"taxonomy":"product_cat","embeddable":true,"href":"https:\/\/ingredients.saccosystem.com\/es\/wp-json\/wp\/v2\/product_cat?post=12457"},{"taxonomy":"product_tag","embeddable":true,"href":"https:\/\/ingredients.saccosystem.com\/es\/wp-json\/wp\/v2\/product_tag?post=12457"}],"curies":[{"name":"wp","href":"https:\/\/api.w.org\/{rel}","templated":true}]}}