{"id":12796,"date":"2025-09-08T17:11:41","date_gmt":"2025-09-08T15:11:41","guid":{"rendered":"https:\/\/ingredients.saccosystem.com\/?post_type=product&#038;p=12796"},"modified":"2025-09-08T17:11:59","modified_gmt":"2025-09-08T15:11:59","slug":"gorgonzola-dolce-dop-bacchus-copia","status":"publish","type":"product","link":"https:\/\/ingredients.saccosystem.com\/es\/prodotto\/gorgonzola-dolce-dop-bacchus-copia\/","title":{"rendered":"Gorgonzola dolce DOP Bacchus (Copia)"},"content":{"rendered":"","protected":false},"excerpt":{"rendered":"<div class=\"vc_custom_heading_wrap \">\n<div class=\"heading-text el-text\">\n<p class=\"font-943104 h2 font-weight-600 text-color-xsdn-color\"><span style=\"font-size: 16px;\">Un queso crudo de pasta azul DOP de antigua tradici\u00f3n. La producci\u00f3n y la maduraci\u00f3n de este Gorgonzola tienen lugar exclusivamente en algunas provincias de Lombard\u00eda y Piamonte. Pasta blanda, de color blanco pajizo, cuyas vetas verdes se deben al proceso de marmoleado, es decir, a la formaci\u00f3n de moho.  <\/span><strong style=\"font-size: 16px;\">Presente en versiones dulce y picante.<\/strong><\/p>\n<\/div>\n<\/div>\n<div class=\"uncode_text_column\">\n<p>El Gorgonzola dulce DOP Bacco tiene un sabor delicado y envolvente que se ve realzado por su textura suave y cremosa, para una combinaci\u00f3n irresistiblemente agradable.<\/p>\n<\/div>\n","protected":false},"featured_media":12803,"comment_status":"closed","ping_status":"closed","template":"","meta":{"_acf_changed":false,"inline_featured_image":false},"product_brand":[],"product_cat":[599],"product_tag":[],"class_list":{"0":"post-12796","1":"product","2":"type-product","3":"status-publish","4":"has-post-thumbnail","6":"product_cat-quesos","7":"pa_brand-defendi-es","8":"pa_nazionalita-italia-es","9":"pa_tipologia-queso-gorgonzola-dulce","11":"first","12":"instock","13":"shipping-taxable","14":"product-type-simple"},"acf":[],"_links":{"self":[{"href":"https:\/\/ingredients.saccosystem.com\/es\/wp-json\/wp\/v2\/product\/12796","targetHints":{"allow":["GET"]}}],"collection":[{"href":"https:\/\/ingredients.saccosystem.com\/es\/wp-json\/wp\/v2\/product"}],"about":[{"href":"https:\/\/ingredients.saccosystem.com\/es\/wp-json\/wp\/v2\/types\/product"}],"replies":[{"embeddable":true,"href":"https:\/\/ingredients.saccosystem.com\/es\/wp-json\/wp\/v2\/comments?post=12796"}],"wp:featuredmedia":[{"embeddable":true,"href":"https:\/\/ingredients.saccosystem.com\/es\/wp-json\/wp\/v2\/media\/12803"}],"wp:attachment":[{"href":"https:\/\/ingredients.saccosystem.com\/es\/wp-json\/wp\/v2\/media?parent=12796"}],"wp:term":[{"taxonomy":"product_brand","embeddable":true,"href":"https:\/\/ingredients.saccosystem.com\/es\/wp-json\/wp\/v2\/product_brand?post=12796"},{"taxonomy":"product_cat","embeddable":true,"href":"https:\/\/ingredients.saccosystem.com\/es\/wp-json\/wp\/v2\/product_cat?post=12796"},{"taxonomy":"product_tag","embeddable":true,"href":"https:\/\/ingredients.saccosystem.com\/es\/wp-json\/wp\/v2\/product_tag?post=12796"}],"curies":[{"name":"wp","href":"https:\/\/api.w.org\/{rel}","templated":true}]}}