{"id":12871,"date":"2025-09-29T14:29:50","date_gmt":"2025-09-29T12:29:50","guid":{"rendered":"https:\/\/ingredients.saccosystem.com\/?post_type=product&#038;p=12871"},"modified":"2025-09-29T14:41:59","modified_gmt":"2025-09-29T12:41:59","slug":"erborinato-piccante-copia-copia","status":"publish","type":"product","link":"https:\/\/ingredients.saccosystem.com\/es\/prodotto\/erborinato-piccante-copia-copia\/","title":{"rendered":"Toma Ale"},"content":{"rendered":"<p>Queso madurado elaborado con leche pasteurizada de pasta m\u00e1s blanda que el elaborado con leche cruda, con un sabor m\u00e1s delicado pero igualmente intenso, caracter\u00edstico de la leche entera<\/p>\n","protected":false},"excerpt":{"rendered":"<p>Tipo de producto: <strong>queso madurado<\/strong><br \/>\nOrigen: <strong>leche de vaca de granjas de Evancon<\/strong><br \/>\nLeche procesada: <strong>pasteurizada<\/strong><br \/>\nConsistencia: <strong>semidura<\/strong><br \/>\nPropiedades de la masa: <strong>semicocida<\/strong><br \/>\nTama\u00f1o del molde  <strong>19cm diam. altura aprox. 8cm <\/strong><br \/>\nPeso por unidad: <strong>aprox. 3 kg<\/strong><br \/>\nVendible:<strong> por peso<\/strong><\/p>\n","protected":false},"featured_media":12875,"comment_status":"closed","ping_status":"closed","template":"","meta":{"_acf_changed":false,"inline_featured_image":false},"product_brand":[],"product_cat":[599],"product_tag":[],"class_list":{"0":"post-12871","1":"product","2":"type-product","3":"status-publish","4":"has-post-thumbnail","6":"product_cat-quesos","7":"pa_brand-caseificio-evancon-es","8":"pa_nazionalita-italia-es","9":"pa_tipologia-toma-es","11":"first","12":"instock","13":"shipping-taxable","14":"product-type-simple"},"acf":[],"_links":{"self":[{"href":"https:\/\/ingredients.saccosystem.com\/es\/wp-json\/wp\/v2\/product\/12871","targetHints":{"allow":["GET"]}}],"collection":[{"href":"https:\/\/ingredients.saccosystem.com\/es\/wp-json\/wp\/v2\/product"}],"about":[{"href":"https:\/\/ingredients.saccosystem.com\/es\/wp-json\/wp\/v2\/types\/product"}],"replies":[{"embeddable":true,"href":"https:\/\/ingredients.saccosystem.com\/es\/wp-json\/wp\/v2\/comments?post=12871"}],"wp:featuredmedia":[{"embeddable":true,"href":"https:\/\/ingredients.saccosystem.com\/es\/wp-json\/wp\/v2\/media\/12875"}],"wp:attachment":[{"href":"https:\/\/ingredients.saccosystem.com\/es\/wp-json\/wp\/v2\/media?parent=12871"}],"wp:term":[{"taxonomy":"product_brand","embeddable":true,"href":"https:\/\/ingredients.saccosystem.com\/es\/wp-json\/wp\/v2\/product_brand?post=12871"},{"taxonomy":"product_cat","embeddable":true,"href":"https:\/\/ingredients.saccosystem.com\/es\/wp-json\/wp\/v2\/product_cat?post=12871"},{"taxonomy":"product_tag","embeddable":true,"href":"https:\/\/ingredients.saccosystem.com\/es\/wp-json\/wp\/v2\/product_tag?post=12871"}],"curies":[{"name":"wp","href":"https:\/\/api.w.org\/{rel}","templated":true}]}}